{"id":24045,"date":"2024-01-14T07:55:49","date_gmt":"2024-01-14T12:55:49","guid":{"rendered":"https:\/\/uniguajira.edu.co\/?page_id=24045"},"modified":"2025-10-02T17:11:10","modified_gmt":"2025-10-02T22:11:10","slug":"modelo-estandar-de-control-interno-meci","status":"publish","type":"page","link":"https:\/\/uniguajira.edu.co\/en\/universidad-de-la-guajira\/control-interno\/modelo-estandar-de-control-interno-meci\/","title":{"rendered":"Internal Control Standard Model - MECI"},"content":{"rendered":"<div class=\"gb-container gb-container-d796b7e0\">\n<div class=\"gb-container gb-container-4d72301d\">\n<div class=\"gb-container gb-container-570b9a30\">\n<div class=\"gb-container gb-container-127d74e8\">\n\n<p class=\"gb-headline gb-headline-adab62e1 gb-headline-text\">The standard internal control model, known as MECI, implemented at the University of La Guajira, is a comprehensive system designed to strengthen management and administration in the institution. This model is based on a set of principles, rules and processes that seek to ensure efficiency, effectiveness and transparency in all university operations.<\/p>\n\n\n<div class=\"gb-container gb-container-1db11728\">\n\n<div class=\"pdf-container\">\n        <iframe loading=\"lazy\" src=\"https:\/\/drive.google.com\/file\/d\/1F3nu1ZT8qCfhdlcVwQYmd-lwHezJtnW8\/preview?usp=sharing\" width=\"100%\" height=\"600\" aria-label=\"Descripci\u00f3n del Manual Operativo del Modelo Integrado de Planeaci\u00f3n y Gesti\u00f3n\">\n            <p>Tu navegador no puede mostrar PDF. Puedes descargar el archivo <a href=\"https:\/\/drive.google.com\/file\/d\/1F3nu1ZT8qCfhdlcVwQYmd-lwHezJtnW8\/preview?usp=sharing\" target=\"_blank\" rel=\"noopener\">here<\/a>.<\/p>\n        <\/iframe>\n    <div class=\"pdf-footer\">\n        <p>Este documento PDF contiene el Manual Operativo del Modelo Integrado de Planeaci\u00f3n y Gesti\u00f3n de la Universidad de La Guajira. Si tienes problemas para visualizar el archivo, puedes descargarlo directamente <a href=\"https:\/\/uniguajira.edu.co\/en\/manual-operativo-del-modelo-integrado-de-planeacion-y-gestion\/\" target=\"_blank\" rel=\"noopener\">here<\/a>.<\/p>\n    <\/div>\n<\/div>\n\n<\/div>\n\n<div class=\"gb-container gb-container-41b75271\">\n<div class=\"gb-container gb-container-61197dc1\">\n<div class=\"gb-container gb-container-14c73d23\">\n\n<details class=\"wp-block-details is-layout-flow wp-block-details-is-layout-flow\" open><summary>Modelo est\u00e1ndar de Control Interno \u2013 MECI<\/summary><div class=\"gb-container gb-container-5692accd\">\n\n<p>The new structure of the MECI is defined through the seventh dimension of the Integrated Planning and Management Model MIPG, which seeks alignment with good control practices, which is why its structure is based on five components, namely:<\/p>\n\n\n\n<ul class=\"wp-block-list\">\n<li>control environment.<\/li>\n\n\n\n<li>risk management.<\/li>\n\n\n\n<li>control activities.<\/li>\n\n\n\n<li>information and communication.<\/li>\n\n\n\n<li>monitoring activities.<\/li>\n<\/ul>\n\n\n\n<p>This structure is accompanied by a scheme for assigning responsibilities and roles for risk management and control, which is distributed among various employees of the entity, and is not the exclusive task of the internal control offices:<\/p>\n\n\n\n<p><strong>Strategic line<\/strong>, The company's senior management and the management team.<\/p>\n\n\n\n<p><strong>First Line<\/strong>, The company's public managers and process leaders are also part of this group.<\/p>\n\n\n\n<p><strong>Second Line<\/strong>, The committee is made up of officers responsible for monitoring and evaluating controls and risk management (heads of planning, supervisors and auditors of contracts or projects, risk committees where they exist, contracting committee, among others).<\/p>\n\n\n\n<p><strong>Third Line<\/strong>, The Internal Control Office.<\/p>\n\n<\/div><\/details>\n\n<\/div>\n\n<div class=\"gb-container gb-container-5b197f68\">\n\n<details class=\"wp-block-details is-layout-flow wp-block-details-is-layout-flow\"><summary>Internal control system<\/summary><div class=\"gb-container gb-container-9d49fbd7\">\n<div class=\"gb-container gb-container-bc99416f\">\n\n<p class=\"gb-headline gb-headline-f70ed696 gb-headline-text\">The Internal Control System is integrated into the Integrated Planning and Management Model, through the MECI, as one of the 7 dimensions of the MIPG, becoming the fundamental factor to reasonably guarantee compliance with institutional objectives.<\/p>\n\n\n<div class=\"gb-container gb-container-97c67cc4\">\n\n<figure class=\"gb-block-image gb-block-image-c6db6cce\"><a href=\"https:\/\/uniguajira.edu.co\/wp-content\/uploads\/2024\/01\/sistema.webp\" target=\"_blank\" rel=\"noopener noreferrer\"><img loading=\"lazy\" decoding=\"async\" width=\"1920\" height=\"1080\" class=\"gb-image gb-image-c6db6cce imgt\" src=\"https:\/\/uniguajira.edu.co\/wp-content\/uploads\/2024\/01\/sistema.webp\" alt=\"Sistema de Control Interno\" title=\"sistema\" srcset=\"https:\/\/uniguajira.edu.co\/wp-content\/uploads\/2024\/01\/sistema.webp 1920w, https:\/\/uniguajira.edu.co\/wp-content\/uploads\/2024\/01\/sistema-300x169.webp 300w, https:\/\/uniguajira.edu.co\/wp-content\/uploads\/2024\/01\/sistema-1024x576.webp 1024w, https:\/\/uniguajira.edu.co\/wp-content\/uploads\/2024\/01\/sistema-768x432.webp 768w, https:\/\/uniguajira.edu.co\/wp-content\/uploads\/2024\/01\/sistema-1536x864.webp 1536w\" sizes=\"auto, (max-width: 1920px) 100vw, 1920px\" \/><\/a><\/figure>\n\n<\/div>\n<\/div>\n<\/div><\/details>\n\n<\/div>\n\n<div class=\"gb-container gb-container-d8c4ac51\">\n\n<details class=\"wp-block-details is-layout-flow wp-block-details-is-layout-flow\"><summary>Components<\/summary><div class=\"gb-container gb-container-42cf2b4a\">\n\n<p><strong>Control environment<\/strong>, To have the minimum conditions for the exercise of internal control. This is achieved with the commitment, leadership and guidelines of senior management and the Institutional Internal Control Coordination Committee.<\/p>\n\n\n\n<p><strong>Risk management<\/strong>, This exercise is carried out under the leadership of the management team and all of the entity's employees, and makes it possible to identify, evaluate and manage potential events, both internal and external, that may affect the achievement of institutional objectives.<\/p>\n\n\n\n<p><strong>Control activities<\/strong>, Implementation of controls, i.e., mechanisms to treat risks, as follows:<\/p>\n\n\n\n<ul class=\"wp-block-list\">\n<li>Determine actions that contribute to mitigate risks.<\/li>\n\n\n\n<li>Define controls on TIC.<\/li>\n\n\n\n<li>Implementar pol\u00edticas de operaci\u00f3n mediante procedimientos u otros mecanismos que den cuenta de su aplicaci\u00f3n en materia de control.<\/li>\n<\/ul>\n\n\n\n<p><strong>Information and communication<\/strong>, It is verified that the policies, guidelines and mechanisms for obtaining, capturing, processing and generating data within and in the environment of each entity meet the need to disclose the results, to show improvements in administrative management and to ensure that the information and communication of the entity and of each process is adequate to the specific needs of the value groups and stakeholders.<\/p>\n\n\n\n<p><strong>Monitoring activities<\/strong>, Generation of periodic evaluations (self-evaluation, audits), and its purpose is to assess:<\/p>\n\n\n\n<ul class=\"wp-block-list\">\n<li>The effectiveness of the public entity's internal control.<\/li>\n\n\n\n<li>The efficiency, efficacy and effectiveness of the processes.<\/li>\n\n\n\n<li>The level of execution of plans, programs and projects.<\/li>\n<\/ul>\n\n\n\n<p>Management results, with the purpose of detecting deviations, establishing trends, and generating recommendations to guide the improvement actions of the public entity.<\/p>\n\n<\/div><\/details>\n\n<\/div>\n<\/div>\n<\/div>\n<\/div>\n<\/div>\n<\/div>\n<\/div>","protected":false},"excerpt":{"rendered":"<p>El modelo est\u00e1ndar de control interno, conocido como MECI, implementado en la Universidad de La Guajira, es un sistema integral dise\u00f1ado para fortalecer &#8230; <a title=\"Internal Control Standard Model - MECI\" class=\"read-more\" href=\"https:\/\/uniguajira.edu.co\/en\/universidad-de-la-guajira\/control-interno\/modelo-estandar-de-control-interno-meci\/\" aria-label=\"Read more about Modelo est\u00e1ndar de control interno \u2013 MECI\">.<\/a><\/p>","protected":false},"author":3,"featured_media":24873,"parent":31506,"menu_order":0,"comment_status":"closed","ping_status":"closed","template":"","meta":{"footnotes":""},"class_list":{"0":"post-24045","1":"page","2":"type-page","3":"status-publish","4":"has-post-thumbnail","6":"infinite-scroll-item"},"yoast_head":"<!-- This site is optimized with the Yoast SEO Premium plugin v27.0 (Yoast SEO v27.0) - https:\/\/yoast.com\/product\/yoast-seo-premium-wordpress\/ -->\n<title>Modelo est\u00e1ndar de control interno \u2013 MECI<\/title>\n<meta name=\"robots\" content=\"index, follow, max-snippet:-1, max-image-preview:large, max-video-preview:-1\" \/>\n<link rel=\"canonical\" href=\"https:\/\/uniguajira.edu.co\/en\/universidad-de-la-guajira\/control-interno\/modelo-estandar-de-control-interno-meci\/\" \/>\n<meta property=\"og:locale\" content=\"en_US\" \/>\n<meta property=\"og:type\" content=\"article\" \/>\n<meta property=\"og:title\" content=\"Modelo est\u00e1ndar de control interno \u2013 MECI\" \/>\n<meta property=\"og:description\" content=\"El modelo est\u00e1ndar de control interno, conocido como MECI, implementado en la Universidad de La Guajira, es un sistema integral dise\u00f1ado para fortalecer ... .\" \/>\n<meta property=\"og:url\" content=\"https:\/\/uniguajira.edu.co\/en\/universidad-de-la-guajira\/control-interno\/modelo-estandar-de-control-interno-meci\/\" \/>\n<meta property=\"og:site_name\" content=\"Universidad de La Guajira\" \/>\n<meta property=\"article:publisher\" content=\"https:\/\/www.facebook.com\/UniLaGuajira\/\" \/>\n<meta property=\"article:modified_time\" content=\"2025-10-02T22:11:10+00:00\" \/>\n<meta property=\"og:image\" content=\"https:\/\/uniguajira.edu.co\/wp-content\/uploads\/2024\/01\/bannercontrolinterno.webp\" \/>\n\t<meta property=\"og:image:width\" content=\"1920\" \/>\n\t<meta property=\"og:image:height\" content=\"590\" \/>\n\t<meta property=\"og:image:type\" content=\"image\/webp\" \/>\n<meta name=\"twitter:card\" content=\"summary_large_image\" \/>\n<meta name=\"twitter:site\" content=\"@UniLaGuajira\" \/>\n<meta name=\"twitter:label1\" content=\"Est. reading time\" \/>\n\t<meta name=\"twitter:data1\" content=\"4 minutes\" \/>\n<script type=\"application\/ld+json\" class=\"yoast-schema-graph\">{\"@context\":\"https:\/\/schema.org\",\"@graph\":[{\"@type\":\"WebPage\",\"@id\":\"https:\/\/uniguajira.edu.co\/universidad-de-la-guajira\/control-interno\/modelo-estandar-de-control-interno-meci\/\",\"url\":\"https:\/\/uniguajira.edu.co\/universidad-de-la-guajira\/control-interno\/modelo-estandar-de-control-interno-meci\/\",\"name\":\"Modelo est\u00e1ndar de control interno \u2013 MECI\",\"isPartOf\":{\"@id\":\"https:\/\/uniguajira.edu.co\/#website\"},\"primaryImageOfPage\":{\"@id\":\"https:\/\/uniguajira.edu.co\/universidad-de-la-guajira\/control-interno\/modelo-estandar-de-control-interno-meci\/#primaryimage\"},\"image\":{\"@id\":\"https:\/\/uniguajira.edu.co\/universidad-de-la-guajira\/control-interno\/modelo-estandar-de-control-interno-meci\/#primaryimage\"},\"thumbnailUrl\":\"https:\/\/uniguajira.edu.co\/wp-content\/uploads\/2024\/01\/bannercontrolinterno.webp\",\"datePublished\":\"2024-01-14T12:55:49+00:00\",\"dateModified\":\"2025-10-02T22:11:10+00:00\",\"breadcrumb\":{\"@id\":\"https:\/\/uniguajira.edu.co\/universidad-de-la-guajira\/control-interno\/modelo-estandar-de-control-interno-meci\/#breadcrumb\"},\"inLanguage\":\"en-US\",\"potentialAction\":[{\"@type\":\"ReadAction\",\"target\":[\"https:\/\/uniguajira.edu.co\/universidad-de-la-guajira\/control-interno\/modelo-estandar-de-control-interno-meci\/\"]}]},{\"@type\":\"ImageObject\",\"inLanguage\":\"en-US\",\"@id\":\"https:\/\/uniguajira.edu.co\/universidad-de-la-guajira\/control-interno\/modelo-estandar-de-control-interno-meci\/#primaryimage\",\"url\":\"https:\/\/uniguajira.edu.co\/wp-content\/uploads\/2024\/01\/bannercontrolinterno.webp\",\"contentUrl\":\"https:\/\/uniguajira.edu.co\/wp-content\/uploads\/2024\/01\/bannercontrolinterno.webp\",\"width\":1920,\"height\":590},{\"@type\":\"BreadcrumbList\",\"@id\":\"https:\/\/uniguajira.edu.co\/universidad-de-la-guajira\/control-interno\/modelo-estandar-de-control-interno-meci\/#breadcrumb\",\"itemListElement\":[{\"@type\":\"ListItem\",\"position\":1,\"name\":\"\u2302 Uniguajira\",\"item\":\"https:\/\/uniguajira.edu.co\/\"},{\"@type\":\"ListItem\",\"position\":2,\"name\":\"Uniguajira\",\"item\":\"https:\/\/uniguajira.edu.co\/\"},{\"@type\":\"ListItem\",\"position\":3,\"name\":\"Control Interno\",\"item\":\"https:\/\/uniguajira.edu.co\/universidad-de-la-guajira\/control-interno\/\"},{\"@type\":\"ListItem\",\"position\":4,\"name\":\"Modelo est\u00e1ndar de control interno\"}]},{\"@type\":\"WebSite\",\"@id\":\"https:\/\/uniguajira.edu.co\/#website\",\"url\":\"https:\/\/uniguajira.edu.co\/\",\"name\":\"UNIGUAJIRA\",\"description\":\"Descubre la educaci\u00f3n superior con oportunidades laborales, retos estudiantiles y tecnolog\u00eda innovadora. Alcanza el \u00e9xito acad\u00e9mico y explora el impacto social y la diversidad en un entorno de aprendizaje moderno. Ad\u00e1ptate con inteligencia artificial y pr\u00e1cticas profesionales para un crecimiento integral.\",\"publisher\":{\"@id\":\"https:\/\/uniguajira.edu.co\/#organization\"},\"alternateName\":\"Universidad de La Guajira\",\"potentialAction\":[{\"@type\":\"SearchAction\",\"target\":{\"@type\":\"EntryPoint\",\"urlTemplate\":\"https:\/\/uniguajira.edu.co\/?s={search_term_string}\"},\"query-input\":{\"@type\":\"PropertyValueSpecification\",\"valueRequired\":true,\"valueName\":\"search_term_string\"}}],\"inLanguage\":\"en-US\"},{\"@type\":\"Organization\",\"@id\":\"https:\/\/uniguajira.edu.co\/#organization\",\"name\":\"Universidad de La Guajira\",\"alternateName\":\"UNIGUAJIRA\",\"url\":\"https:\/\/uniguajira.edu.co\/\",\"logo\":{\"@type\":\"ImageObject\",\"inLanguage\":\"en-US\",\"@id\":\"https:\/\/uniguajira.edu.co\/#\/schema\/logo\/image\/\",\"url\":\"https:\/\/uniguajira.edu.co\/wp-content\/uploads\/2026\/01\/cropped-cropped-LOGOS-PAGINA-WEB-04-1.webp\",\"contentUrl\":\"https:\/\/uniguajira.edu.co\/wp-content\/uploads\/2026\/01\/cropped-cropped-LOGOS-PAGINA-WEB-04-1.webp\",\"width\":360,\"height\":72,\"caption\":\"Universidad de La Guajira\"},\"image\":{\"@id\":\"https:\/\/uniguajira.edu.co\/#\/schema\/logo\/image\/\"},\"sameAs\":[\"https:\/\/www.facebook.com\/UniLaGuajira\/\",\"https:\/\/x.com\/UniLaGuajira\",\"https:\/\/www.instagram.com\/uniguajira_\/\",\"https:\/\/www.youtube.com\/user\/UniLaGuajira\"]}]}<\/script>\n<!-- \/ Yoast SEO Premium plugin. -->","yoast_head_json":{"title":"Internal Control Standard Model - MECI","robots":{"index":"index","follow":"follow","max-snippet":"max-snippet:-1","max-image-preview":"max-image-preview:large","max-video-preview":"max-video-preview:-1"},"canonical":"https:\/\/uniguajira.edu.co\/en\/universidad-de-la-guajira\/control-interno\/modelo-estandar-de-control-interno-meci\/","og_locale":"en_US","og_type":"article","og_title":"Modelo est\u00e1ndar de control interno \u2013 MECI","og_description":"El modelo est\u00e1ndar de control interno, conocido como MECI, implementado en la Universidad de La Guajira, es un sistema integral dise\u00f1ado para fortalecer ... .","og_url":"https:\/\/uniguajira.edu.co\/en\/universidad-de-la-guajira\/control-interno\/modelo-estandar-de-control-interno-meci\/","og_site_name":"Universidad de La Guajira","article_publisher":"https:\/\/www.facebook.com\/UniLaGuajira\/","article_modified_time":"2025-10-02T22:11:10+00:00","og_image":[{"width":1920,"height":590,"url":"https:\/\/uniguajira.edu.co\/wp-content\/uploads\/2024\/01\/bannercontrolinterno.webp","type":"image\/webp"}],"twitter_card":"summary_large_image","twitter_site":"@UniLaGuajira","twitter_misc":{"Est. reading time":"4 minutes"},"schema":{"@context":"https:\/\/schema.org","@graph":[{"@type":"WebPage","@id":"https:\/\/uniguajira.edu.co\/universidad-de-la-guajira\/control-interno\/modelo-estandar-de-control-interno-meci\/","url":"https:\/\/uniguajira.edu.co\/universidad-de-la-guajira\/control-interno\/modelo-estandar-de-control-interno-meci\/","name":"Internal Control Standard Model - MECI","isPartOf":{"@id":"https:\/\/uniguajira.edu.co\/#website"},"primaryImageOfPage":{"@id":"https:\/\/uniguajira.edu.co\/universidad-de-la-guajira\/control-interno\/modelo-estandar-de-control-interno-meci\/#primaryimage"},"image":{"@id":"https:\/\/uniguajira.edu.co\/universidad-de-la-guajira\/control-interno\/modelo-estandar-de-control-interno-meci\/#primaryimage"},"thumbnailUrl":"https:\/\/uniguajira.edu.co\/wp-content\/uploads\/2024\/01\/bannercontrolinterno.webp","datePublished":"2024-01-14T12:55:49+00:00","dateModified":"2025-10-02T22:11:10+00:00","breadcrumb":{"@id":"https:\/\/uniguajira.edu.co\/universidad-de-la-guajira\/control-interno\/modelo-estandar-de-control-interno-meci\/#breadcrumb"},"inLanguage":"en-US","potentialAction":[{"@type":"ReadAction","target":["https:\/\/uniguajira.edu.co\/universidad-de-la-guajira\/control-interno\/modelo-estandar-de-control-interno-meci\/"]}]},{"@type":"ImageObject","inLanguage":"en-US","@id":"https:\/\/uniguajira.edu.co\/universidad-de-la-guajira\/control-interno\/modelo-estandar-de-control-interno-meci\/#primaryimage","url":"https:\/\/uniguajira.edu.co\/wp-content\/uploads\/2024\/01\/bannercontrolinterno.webp","contentUrl":"https:\/\/uniguajira.edu.co\/wp-content\/uploads\/2024\/01\/bannercontrolinterno.webp","width":1920,"height":590},{"@type":"BreadcrumbList","@id":"https:\/\/uniguajira.edu.co\/universidad-de-la-guajira\/control-interno\/modelo-estandar-de-control-interno-meci\/#breadcrumb","itemListElement":[{"@type":"ListItem","position":1,"name":"\u2302 Uniguajira","item":"https:\/\/uniguajira.edu.co\/"},{"@type":"ListItem","position":2,"name":"Uniguajira","item":"https:\/\/uniguajira.edu.co\/"},{"@type":"ListItem","position":3,"name":"Control Interno","item":"https:\/\/uniguajira.edu.co\/universidad-de-la-guajira\/control-interno\/"},{"@type":"ListItem","position":4,"name":"Modelo est\u00e1ndar de control interno"}]},{"@type":"WebSite","@id":"https:\/\/uniguajira.edu.co\/#website","url":"https:\/\/uniguajira.edu.co\/","name":"UNIGUAJIRA","description":"Descubre la educaci\u00f3n superior con oportunidades laborales, retos estudiantiles y tecnolog\u00eda innovadora. Alcanza el \u00e9xito acad\u00e9mico y explora el impacto social y la diversidad en un entorno de aprendizaje moderno. Ad\u00e1ptate con inteligencia artificial y pr\u00e1cticas profesionales para un crecimiento integral.","publisher":{"@id":"https:\/\/uniguajira.edu.co\/#organization"},"alternateName":"Universidad de La Guajira","potentialAction":[{"@type":"SearchAction","target":{"@type":"EntryPoint","urlTemplate":"https:\/\/uniguajira.edu.co\/?s={search_term_string}"},"query-input":{"@type":"PropertyValueSpecification","valueRequired":true,"valueName":"search_term_string"}}],"inLanguage":"en-US"},{"@type":"Organization","@id":"https:\/\/uniguajira.edu.co\/#organization","name":"University of La Guajira","alternateName":"UNIGUAJIRA","url":"https:\/\/uniguajira.edu.co\/","logo":{"@type":"ImageObject","inLanguage":"en-US","@id":"https:\/\/uniguajira.edu.co\/#\/schema\/logo\/image\/","url":"https:\/\/uniguajira.edu.co\/wp-content\/uploads\/2026\/01\/cropped-cropped-LOGOS-PAGINA-WEB-04-1.webp","contentUrl":"https:\/\/uniguajira.edu.co\/wp-content\/uploads\/2026\/01\/cropped-cropped-LOGOS-PAGINA-WEB-04-1.webp","width":360,"height":72,"caption":"Universidad de La Guajira"},"image":{"@id":"https:\/\/uniguajira.edu.co\/#\/schema\/logo\/image\/"},"sameAs":["https:\/\/www.facebook.com\/UniLaGuajira\/","https:\/\/x.com\/UniLaGuajira","https:\/\/www.instagram.com\/uniguajira_\/","https:\/\/www.youtube.com\/user\/UniLaGuajira"]}]}},"_hostinger_reach_plugin_has_subscription_block":false,"_hostinger_reach_plugin_is_elementor":false,"_links":{"self":[{"href":"https:\/\/uniguajira.edu.co\/en\/wp-json\/wp\/v2\/pages\/24045","targetHints":{"allow":["GET"]}}],"collection":[{"href":"https:\/\/uniguajira.edu.co\/en\/wp-json\/wp\/v2\/pages"}],"about":[{"href":"https:\/\/uniguajira.edu.co\/en\/wp-json\/wp\/v2\/types\/page"}],"author":[{"embeddable":true,"href":"https:\/\/uniguajira.edu.co\/en\/wp-json\/wp\/v2\/users\/3"}],"replies":[{"embeddable":true,"href":"https:\/\/uniguajira.edu.co\/en\/wp-json\/wp\/v2\/comments?post=24045"}],"version-history":[{"count":0,"href":"https:\/\/uniguajira.edu.co\/en\/wp-json\/wp\/v2\/pages\/24045\/revisions"}],"up":[{"embeddable":true,"href":"https:\/\/uniguajira.edu.co\/en\/wp-json\/wp\/v2\/pages\/31506"}],"wp:featuredmedia":[{"embeddable":true,"href":"https:\/\/uniguajira.edu.co\/en\/wp-json\/wp\/v2\/media\/24873"}],"wp:attachment":[{"href":"https:\/\/uniguajira.edu.co\/en\/wp-json\/wp\/v2\/media?parent=24045"}],"curies":[{"name":"wp","href":"https:\/\/api.w.org\/{rel}","templated":true}]}}