{"id":23873,"date":"2024-01-14T03:35:37","date_gmt":"2024-01-14T08:35:37","guid":{"rendered":"https:\/\/uniguajira.edu.co\/?page_id=23873"},"modified":"2024-10-03T17:21:07","modified_gmt":"2024-10-03T22:21:07","slug":"financiacion","status":"publish","type":"page","link":"https:\/\/uniguajira.edu.co\/en\/universidad-de-la-guajira\/oficina-de-registro-y-control-academico\/financiacion\/","title":{"rendered":"Financing"},"content":{"rendered":"<div class=\"gb-container gb-container-d796b7e0\">\n<div class=\"gb-container gb-container-4d72301d\">\n<div class=\"gb-container gb-container-570b9a30\">\n<div class=\"gb-container gb-container-1db11728\">\n\n<h2 class=\"gb-headline gb-headline-2710ddec gb-headline-text\">How can I start the tuition financing process?<\/h2>\n\n\n\n<p class=\"gb-headline gb-headline-ef108c1a gb-headline-text\">To start the tuition financing process, you must follow these steps:<\/p>\n\n\n\n<ol class=\"wp-block-list\">\n<li><strong>Fill out the form: <\/strong>Complete the financing form according to the level of training you are in.<\/li>\n\n\n\n<li><strong>Attach the following documents:<\/strong> Be sure to attach the following documents to the funding form:\n<ul class=\"wp-block-list\">\n<li>Two (2) receipts for payment of tuition.<\/li>\n\n\n\n<li>A bill of exchange in the name of the Universidad de La Guajira, signed by the student and his\/her co-signer. The signatures must be legible.<\/li>\n\n\n\n<li>A photocopy of the student's identity card.<\/li>\n\n\n\n<li>A photocopy of the identity card of the co-debtor.<\/li>\n\n\n\n<li>Payment of 60% of the regular tuition fee.<\/li>\n\n\n\n<li>Labor certificate of the co-signer and the student if both are working.<\/li>\n\n\n\n<li>You must fill out this form in original and three (3) copies.<\/li>\n<\/ul>\n<\/li>\n<\/ol>\n\n\n\n<h3 class=\"gb-headline gb-headline-bf789445 gb-headline-text\">What is the value of the tuition fee?<\/h3>\n\n\n\n<p class=\"gb-headline gb-headline-6d2520e3 gb-headline-text\">The financing is made with the extraordinary value of the tuition.<\/p>\n\n\n\n<p class=\"gb-headline gb-headline-c884e188 gb-headline-text\">If you have any additional questions or need more information about the tuition financing process, please do not hesitate to contact us. We are here to help you through this process.<\/p>\n\n\n\n<h3 class=\"gb-headline gb-headline-ec20ae97 gb-headline-text\">Documents<\/h3>\n\n\n\n<p class=\"gb-headline gb-headline-ef940d5e\"><span class=\"gb-icon\"><svg width=\"24\" viewbox=\"0 -960 960 960\" height=\"24\" xmlns=\"http:\/\/www.w3.org\/2000\/svg\"><path d=\"M440-280H280q-83 0-141.5-58.5T80-480q0-83 58.5-141.5T280-680h160v80H280q-50 0-85 35t-35 85q0 50 35 85t85 35h160v80ZM320-440v-80h320v80H320Zm200 160v-80h160q50 0 85-35t35-85q0-50-35-85t-85-35H520v-80h160q83 0 141.5 58.5T880-480q0 83-58.5 141.5T680-280H520Z\"><\/path><\/svg><\/span><span class=\"gb-headline-text\"><a href=\"https:\/\/gunig2.uniguajira.edu.co\/ords\/f?p=109:8:7855432034400:::8:P8_ID_PROCESO:63336\" data-type=\"link\" data-id=\"https:\/\/gunig2.uniguajira.edu.co\/ords\/f?p=109:8:7855432034400:::8:P8_ID_PROCESO:63336\" target=\"_blank\" rel=\"noreferrer noopener\">Direct Student Credit Application Form<\/a><\/span><\/p>\n\n\n\n<p class=\"gb-headline gb-headline-ca6089b4\"><span class=\"gb-icon\"><svg width=\"24\" viewbox=\"0 -960 960 960\" height=\"24\" xmlns=\"http:\/\/www.w3.org\/2000\/svg\"><path d=\"M440-280H280q-83 0-141.5-58.5T80-480q0-83 58.5-141.5T280-680h160v80H280q-50 0-85 35t-35 85q0 50 35 85t85 35h160v80ZM320-440v-80h320v80H320Zm200 160v-80h160q50 0 85-35t35-85q0-50-35-85t-85-35H520v-80h160q83 0 141.5 58.5T880-480q0 83-58.5 141.5T680-280H520Z\"><\/path><\/svg><\/span><span class=\"gb-headline-text\"><a href=\"https:\/\/gunig2.uniguajira.edu.co\/ords\/f?p=109:8:7855432034400:::8:P8_ID_PROCESO:63336\" data-type=\"link\" data-id=\"https:\/\/gunig2.uniguajira.edu.co\/ords\/f?p=109:8:7855432034400:::8:P8_ID_PROCESO:63336\" target=\"_blank\" rel=\"noreferrer noopener\">Direct credit application est. Postgraduate, diploma courses, seminars<\/a><\/span><\/p>\n\n\n\n<p class=\"gb-headline gb-headline-8422e3fa\"><span class=\"gb-icon\"><svg width=\"24\" viewbox=\"0 -960 960 960\" height=\"24\" xmlns=\"http:\/\/www.w3.org\/2000\/svg\"><path d=\"M440-280H280q-83 0-141.5-58.5T80-480q0-83 58.5-141.5T280-680h160v80H280q-50 0-85 35t-35 85q0 50 35 85t85 35h160v80ZM320-440v-80h320v80H320Zm200 160v-80h160q50 0 85-35t35-85q0-50-35-85t-85-35H520v-80h160q83 0 141.5 58.5T880-480q0 83-58.5 141.5T680-280H520Z\"><\/path><\/svg><\/span><span class=\"gb-headline-text\"><a href=\"https:\/\/gunig2.uniguajira.edu.co\/ords\/f?p=109:8:7855432034400:::8:P8_ID_PROCESO:63336\" data-type=\"link\" data-id=\"https:\/\/gunig2.uniguajira.edu.co\/ords\/f?p=109:8:7855432034400:::8:P8_ID_PROCESO:63336\" target=\"_blank\" rel=\"noreferrer noopener\">Payroll Deduction Credit Application Form<\/a><\/span><\/p>\n\n<\/div>\n<\/div>\n<\/div>\n<\/div>","protected":false},"excerpt":{"rendered":"<p>\u00bfC\u00f3mo puedo iniciar el proceso de financiaci\u00f3n de la matr\u00edcula? Para iniciar el proceso de financiaci\u00f3n de la matr\u00edcula, debes seguir estos pasos: &#8230; <a title=\"Financing\" class=\"read-more\" href=\"https:\/\/uniguajira.edu.co\/en\/universidad-de-la-guajira\/oficina-de-registro-y-control-academico\/financiacion\/\" aria-label=\"Read more about Financiaci\u00f3n\">.<\/a><\/p>","protected":false},"author":3,"featured_media":24542,"parent":31749,"menu_order":0,"comment_status":"closed","ping_status":"closed","template":"","meta":{"footnotes":""},"class_list":{"0":"post-23873","1":"page","2":"type-page","3":"status-publish","4":"has-post-thumbnail","6":"infinite-scroll-item"},"yoast_head":"<!-- This site is optimized with the Yoast SEO Premium plugin v27.0 (Yoast SEO v27.0) - https:\/\/yoast.com\/product\/yoast-seo-premium-wordpress\/ -->\n<title>Financiaci\u00f3n<\/title>\n<meta name=\"robots\" content=\"index, follow, max-snippet:-1, max-image-preview:large, max-video-preview:-1\" \/>\n<link rel=\"canonical\" href=\"https:\/\/uniguajira.edu.co\/en\/universidad-de-la-guajira\/oficina-de-registro-y-control-academico\/financiacion\/\" \/>\n<meta property=\"og:locale\" content=\"en_US\" \/>\n<meta property=\"og:type\" content=\"article\" \/>\n<meta property=\"og:title\" content=\"Financiaci\u00f3n\" \/>\n<meta property=\"og:description\" content=\"\u00bfC\u00f3mo puedo iniciar el proceso de financiaci\u00f3n de la matr\u00edcula? Para iniciar el proceso de financiaci\u00f3n de la matr\u00edcula, debes seguir estos pasos: ... .\" \/>\n<meta property=\"og:url\" content=\"https:\/\/uniguajira.edu.co\/en\/universidad-de-la-guajira\/oficina-de-registro-y-control-academico\/financiacion\/\" \/>\n<meta property=\"og:site_name\" content=\"Universidad de La Guajira\" \/>\n<meta property=\"article:publisher\" content=\"https:\/\/www.facebook.com\/UniLaGuajira\/\" \/>\n<meta property=\"article:modified_time\" content=\"2024-10-03T22:21:07+00:00\" \/>\n<meta property=\"og:image\" content=\"https:\/\/uniguajira.edu.co\/wp-content\/uploads\/2024\/01\/vista-aerea-de-uniguajira.webp\" \/>\n\t<meta property=\"og:image:width\" content=\"1920\" \/>\n\t<meta property=\"og:image:height\" content=\"590\" \/>\n\t<meta property=\"og:image:type\" content=\"image\/webp\" \/>\n<meta name=\"twitter:card\" content=\"summary_large_image\" \/>\n<meta name=\"twitter:site\" content=\"@UniLaGuajira\" \/>\n<meta name=\"twitter:label1\" content=\"Est. reading time\" \/>\n\t<meta name=\"twitter:data1\" content=\"2 minutes\" \/>\n<script type=\"application\/ld+json\" class=\"yoast-schema-graph\">{\"@context\":\"https:\/\/schema.org\",\"@graph\":[{\"@type\":\"WebPage\",\"@id\":\"https:\/\/uniguajira.edu.co\/universidad-de-la-guajira\/oficina-de-registro-y-control-academico\/financiacion\/\",\"url\":\"https:\/\/uniguajira.edu.co\/universidad-de-la-guajira\/oficina-de-registro-y-control-academico\/financiacion\/\",\"name\":\"Financiaci\u00f3n\",\"isPartOf\":{\"@id\":\"https:\/\/uniguajira.edu.co\/#website\"},\"primaryImageOfPage\":{\"@id\":\"https:\/\/uniguajira.edu.co\/universidad-de-la-guajira\/oficina-de-registro-y-control-academico\/financiacion\/#primaryimage\"},\"image\":{\"@id\":\"https:\/\/uniguajira.edu.co\/universidad-de-la-guajira\/oficina-de-registro-y-control-academico\/financiacion\/#primaryimage\"},\"thumbnailUrl\":\"https:\/\/uniguajira.edu.co\/wp-content\/uploads\/2024\/01\/vista-aerea-de-uniguajira.webp\",\"datePublished\":\"2024-01-14T08:35:37+00:00\",\"dateModified\":\"2024-10-03T22:21:07+00:00\",\"breadcrumb\":{\"@id\":\"https:\/\/uniguajira.edu.co\/universidad-de-la-guajira\/oficina-de-registro-y-control-academico\/financiacion\/#breadcrumb\"},\"inLanguage\":\"en-US\",\"potentialAction\":[{\"@type\":\"ReadAction\",\"target\":[\"https:\/\/uniguajira.edu.co\/universidad-de-la-guajira\/oficina-de-registro-y-control-academico\/financiacion\/\"]}]},{\"@type\":\"ImageObject\",\"inLanguage\":\"en-US\",\"@id\":\"https:\/\/uniguajira.edu.co\/universidad-de-la-guajira\/oficina-de-registro-y-control-academico\/financiacion\/#primaryimage\",\"url\":\"https:\/\/uniguajira.edu.co\/wp-content\/uploads\/2024\/01\/vista-aerea-de-uniguajira.webp\",\"contentUrl\":\"https:\/\/uniguajira.edu.co\/wp-content\/uploads\/2024\/01\/vista-aerea-de-uniguajira.webp\",\"width\":1920,\"height\":590,\"caption\":\"vista-aerea-de-la-universidad-de-la-guajira-donde-se-aprecia-la-mayor-parte-de-su-infraestructura\"},{\"@type\":\"BreadcrumbList\",\"@id\":\"https:\/\/uniguajira.edu.co\/universidad-de-la-guajira\/oficina-de-registro-y-control-academico\/financiacion\/#breadcrumb\",\"itemListElement\":[{\"@type\":\"ListItem\",\"position\":1,\"name\":\"\u2302 Uniguajira\",\"item\":\"https:\/\/uniguajira.edu.co\/\"},{\"@type\":\"ListItem\",\"position\":2,\"name\":\"Uniguajira\",\"item\":\"https:\/\/uniguajira.edu.co\/\"},{\"@type\":\"ListItem\",\"position\":3,\"name\":\"Admisiones\",\"item\":\"https:\/\/uniguajira.edu.co\/universidad-de-la-guajira\/oficina-de-registro-y-control-academico\/\"},{\"@type\":\"ListItem\",\"position\":4,\"name\":\"Financiaci\u00f3n\"}]},{\"@type\":\"WebSite\",\"@id\":\"https:\/\/uniguajira.edu.co\/#website\",\"url\":\"https:\/\/uniguajira.edu.co\/\",\"name\":\"UNIGUAJIRA\",\"description\":\"Descubre la educaci\u00f3n superior con oportunidades laborales, retos estudiantiles y tecnolog\u00eda innovadora. Alcanza el \u00e9xito acad\u00e9mico y explora el impacto social y la diversidad en un entorno de aprendizaje moderno. Ad\u00e1ptate con inteligencia artificial y pr\u00e1cticas profesionales para un crecimiento integral.\",\"publisher\":{\"@id\":\"https:\/\/uniguajira.edu.co\/#organization\"},\"alternateName\":\"Universidad de La Guajira\",\"potentialAction\":[{\"@type\":\"SearchAction\",\"target\":{\"@type\":\"EntryPoint\",\"urlTemplate\":\"https:\/\/uniguajira.edu.co\/?s={search_term_string}\"},\"query-input\":{\"@type\":\"PropertyValueSpecification\",\"valueRequired\":true,\"valueName\":\"search_term_string\"}}],\"inLanguage\":\"en-US\"},{\"@type\":\"Organization\",\"@id\":\"https:\/\/uniguajira.edu.co\/#organization\",\"name\":\"Universidad de La Guajira\",\"alternateName\":\"UNIGUAJIRA\",\"url\":\"https:\/\/uniguajira.edu.co\/\",\"logo\":{\"@type\":\"ImageObject\",\"inLanguage\":\"en-US\",\"@id\":\"https:\/\/uniguajira.edu.co\/#\/schema\/logo\/image\/\",\"url\":\"https:\/\/uniguajira.edu.co\/wp-content\/uploads\/2026\/01\/cropped-cropped-LOGOS-PAGINA-WEB-04-1.webp\",\"contentUrl\":\"https:\/\/uniguajira.edu.co\/wp-content\/uploads\/2026\/01\/cropped-cropped-LOGOS-PAGINA-WEB-04-1.webp\",\"width\":360,\"height\":72,\"caption\":\"Universidad de La Guajira\"},\"image\":{\"@id\":\"https:\/\/uniguajira.edu.co\/#\/schema\/logo\/image\/\"},\"sameAs\":[\"https:\/\/www.facebook.com\/UniLaGuajira\/\",\"https:\/\/x.com\/UniLaGuajira\",\"https:\/\/www.instagram.com\/uniguajira_\/\",\"https:\/\/www.youtube.com\/user\/UniLaGuajira\"]}]}<\/script>\n<!-- \/ Yoast SEO Premium plugin. -->","yoast_head_json":{"title":"Financing","robots":{"index":"index","follow":"follow","max-snippet":"max-snippet:-1","max-image-preview":"max-image-preview:large","max-video-preview":"max-video-preview:-1"},"canonical":"https:\/\/uniguajira.edu.co\/en\/universidad-de-la-guajira\/oficina-de-registro-y-control-academico\/financiacion\/","og_locale":"en_US","og_type":"article","og_title":"Financiaci\u00f3n","og_description":"\u00bfC\u00f3mo puedo iniciar el proceso de financiaci\u00f3n de la matr\u00edcula? Para iniciar el proceso de financiaci\u00f3n de la matr\u00edcula, debes seguir estos pasos: ... .","og_url":"https:\/\/uniguajira.edu.co\/en\/universidad-de-la-guajira\/oficina-de-registro-y-control-academico\/financiacion\/","og_site_name":"Universidad de La Guajira","article_publisher":"https:\/\/www.facebook.com\/UniLaGuajira\/","article_modified_time":"2024-10-03T22:21:07+00:00","og_image":[{"width":1920,"height":590,"url":"https:\/\/uniguajira.edu.co\/wp-content\/uploads\/2024\/01\/vista-aerea-de-uniguajira.webp","type":"image\/webp"}],"twitter_card":"summary_large_image","twitter_site":"@UniLaGuajira","twitter_misc":{"Est. reading time":"2 minutes"},"schema":{"@context":"https:\/\/schema.org","@graph":[{"@type":"WebPage","@id":"https:\/\/uniguajira.edu.co\/universidad-de-la-guajira\/oficina-de-registro-y-control-academico\/financiacion\/","url":"https:\/\/uniguajira.edu.co\/universidad-de-la-guajira\/oficina-de-registro-y-control-academico\/financiacion\/","name":"Financing","isPartOf":{"@id":"https:\/\/uniguajira.edu.co\/#website"},"primaryImageOfPage":{"@id":"https:\/\/uniguajira.edu.co\/universidad-de-la-guajira\/oficina-de-registro-y-control-academico\/financiacion\/#primaryimage"},"image":{"@id":"https:\/\/uniguajira.edu.co\/universidad-de-la-guajira\/oficina-de-registro-y-control-academico\/financiacion\/#primaryimage"},"thumbnailUrl":"https:\/\/uniguajira.edu.co\/wp-content\/uploads\/2024\/01\/vista-aerea-de-uniguajira.webp","datePublished":"2024-01-14T08:35:37+00:00","dateModified":"2024-10-03T22:21:07+00:00","breadcrumb":{"@id":"https:\/\/uniguajira.edu.co\/universidad-de-la-guajira\/oficina-de-registro-y-control-academico\/financiacion\/#breadcrumb"},"inLanguage":"en-US","potentialAction":[{"@type":"ReadAction","target":["https:\/\/uniguajira.edu.co\/universidad-de-la-guajira\/oficina-de-registro-y-control-academico\/financiacion\/"]}]},{"@type":"ImageObject","inLanguage":"en-US","@id":"https:\/\/uniguajira.edu.co\/universidad-de-la-guajira\/oficina-de-registro-y-control-academico\/financiacion\/#primaryimage","url":"https:\/\/uniguajira.edu.co\/wp-content\/uploads\/2024\/01\/vista-aerea-de-uniguajira.webp","contentUrl":"https:\/\/uniguajira.edu.co\/wp-content\/uploads\/2024\/01\/vista-aerea-de-uniguajira.webp","width":1920,"height":590,"caption":"vista-aerea-de-la-universidad-de-la-guajira-donde-se-aprecia-la-mayor-parte-de-su-infraestructura"},{"@type":"BreadcrumbList","@id":"https:\/\/uniguajira.edu.co\/universidad-de-la-guajira\/oficina-de-registro-y-control-academico\/financiacion\/#breadcrumb","itemListElement":[{"@type":"ListItem","position":1,"name":"\u2302 Uniguajira","item":"https:\/\/uniguajira.edu.co\/"},{"@type":"ListItem","position":2,"name":"Uniguajira","item":"https:\/\/uniguajira.edu.co\/"},{"@type":"ListItem","position":3,"name":"Admisiones","item":"https:\/\/uniguajira.edu.co\/universidad-de-la-guajira\/oficina-de-registro-y-control-academico\/"},{"@type":"ListItem","position":4,"name":"Financiaci\u00f3n"}]},{"@type":"WebSite","@id":"https:\/\/uniguajira.edu.co\/#website","url":"https:\/\/uniguajira.edu.co\/","name":"UNIGUAJIRA","description":"Descubre la educaci\u00f3n superior con oportunidades laborales, retos estudiantiles y tecnolog\u00eda innovadora. Alcanza el \u00e9xito acad\u00e9mico y explora el impacto social y la diversidad en un entorno de aprendizaje moderno. Ad\u00e1ptate con inteligencia artificial y pr\u00e1cticas profesionales para un crecimiento integral.","publisher":{"@id":"https:\/\/uniguajira.edu.co\/#organization"},"alternateName":"Universidad de La Guajira","potentialAction":[{"@type":"SearchAction","target":{"@type":"EntryPoint","urlTemplate":"https:\/\/uniguajira.edu.co\/?s={search_term_string}"},"query-input":{"@type":"PropertyValueSpecification","valueRequired":true,"valueName":"search_term_string"}}],"inLanguage":"en-US"},{"@type":"Organization","@id":"https:\/\/uniguajira.edu.co\/#organization","name":"University of La Guajira","alternateName":"UNIGUAJIRA","url":"https:\/\/uniguajira.edu.co\/","logo":{"@type":"ImageObject","inLanguage":"en-US","@id":"https:\/\/uniguajira.edu.co\/#\/schema\/logo\/image\/","url":"https:\/\/uniguajira.edu.co\/wp-content\/uploads\/2026\/01\/cropped-cropped-LOGOS-PAGINA-WEB-04-1.webp","contentUrl":"https:\/\/uniguajira.edu.co\/wp-content\/uploads\/2026\/01\/cropped-cropped-LOGOS-PAGINA-WEB-04-1.webp","width":360,"height":72,"caption":"Universidad de La Guajira"},"image":{"@id":"https:\/\/uniguajira.edu.co\/#\/schema\/logo\/image\/"},"sameAs":["https:\/\/www.facebook.com\/UniLaGuajira\/","https:\/\/x.com\/UniLaGuajira","https:\/\/www.instagram.com\/uniguajira_\/","https:\/\/www.youtube.com\/user\/UniLaGuajira"]}]}},"_hostinger_reach_plugin_has_subscription_block":false,"_hostinger_reach_plugin_is_elementor":false,"_links":{"self":[{"href":"https:\/\/uniguajira.edu.co\/en\/wp-json\/wp\/v2\/pages\/23873","targetHints":{"allow":["GET"]}}],"collection":[{"href":"https:\/\/uniguajira.edu.co\/en\/wp-json\/wp\/v2\/pages"}],"about":[{"href":"https:\/\/uniguajira.edu.co\/en\/wp-json\/wp\/v2\/types\/page"}],"author":[{"embeddable":true,"href":"https:\/\/uniguajira.edu.co\/en\/wp-json\/wp\/v2\/users\/3"}],"replies":[{"embeddable":true,"href":"https:\/\/uniguajira.edu.co\/en\/wp-json\/wp\/v2\/comments?post=23873"}],"version-history":[{"count":0,"href":"https:\/\/uniguajira.edu.co\/en\/wp-json\/wp\/v2\/pages\/23873\/revisions"}],"up":[{"embeddable":true,"href":"https:\/\/uniguajira.edu.co\/en\/wp-json\/wp\/v2\/pages\/31749"}],"wp:featuredmedia":[{"embeddable":true,"href":"https:\/\/uniguajira.edu.co\/en\/wp-json\/wp\/v2\/media\/24542"}],"wp:attachment":[{"href":"https:\/\/uniguajira.edu.co\/en\/wp-json\/wp\/v2\/media?parent=23873"}],"curies":[{"name":"wp","href":"https:\/\/api.w.org\/{rel}","templated":true}]}}