{"id":23758,"date":"2024-01-13T09:29:43","date_gmt":"2024-01-13T14:29:43","guid":{"rendered":"https:\/\/uniguajira.edu.co\/?page_id=23758"},"modified":"2025-10-01T15:26:43","modified_gmt":"2025-10-01T20:26:43","slug":"intercambio-nacional","status":"publish","type":"page","link":"https:\/\/uniguajira.edu.co\/en\/universidad-de-la-guajira\/oficina-de-relaciones-internacionales\/intercambio-nacional\/","title":{"rendered":"National exchange"},"content":{"rendered":"<div class=\"gb-container gb-container-d796b7e0\">\n<div class=\"gb-container gb-container-4d72301d\">\n<div class=\"gb-container gb-container-570b9a30\">\n<div class=\"gb-container gb-container-1db11728\">\n\n<h2 class=\"gb-headline gb-headline-2710ddec gb-headline-text\">General requirements for the mobility process<\/h2>\n\n\n\n<ul class=\"wp-block-list\">\n<li>Estar cursando, al momento de la postulaci\u00f3n, entre III y VIII semestre.<\/li>\n\n\n\n<li>Tener un promedio acumulado igual o superior a 4.0, al momento de realizar la solicitud. En el caso de la Facultad de Ciencias B\u00e1sicas, Ciencias de la Salud e Ingenier\u00eda, se solicitar\u00e1 un promedio igual o superior a 3.8.<\/li>\n\n\n\n<li>No haber tenido procesos disciplinarios en la Universidad de La Guajira.<\/li>\n\n\n\n<li>Estar al d\u00eda con las asignaturas del semestre en curso.<\/li>\n\n\n\n<li>Tener pasaporte vigente (para intercambios internacionales)<\/li>\n<\/ul>\n\n\n<div class=\"gb-container gb-container-77d4bc31\">\n<div class=\"gb-container gb-container-61197dc1\">\n<div class=\"gb-container gb-container-14c73d23\">\n\n<details class=\"wp-block-details is-layout-flow wp-block-details-is-layout-flow\" open><summary>What documents are required to participate in the student mobility program?<\/summary><div class=\"gb-container gb-container-5692accd\">\n\n<p>To apply to the Student Mobility program, you will need to submit the following documents:<\/p>\n\n\n\n<ul class=\"wp-block-list\">\n<li>Hoja de vida en la que se detalle la experiencia y los conocimientos adquiridos.<\/li>\n\n\n\n<li>Ensayo de motivaci\u00f3n.<\/li>\n\n\n\n<li>Propuesta o proyecto a desarrollar despu\u00e9s del intercambio acad\u00e9mico con un plan de trabajo y fechas establecidas para darle cumplimiento (debe tener resultados tangibles y de impacto en la academia, investigaci\u00f3n, proyecci\u00f3n social o internacionalizaci\u00f3n).<\/li>\n\n\n\n<li>Fotocopia de la c\u00e9dula de ciudadan\u00eda.<\/li>\n\n\n\n<li>Hoja biogr\u00e1fica del pasaporte.<\/li>\n\n\n\n<li>Certificado de EPS<\/li>\n\n\n\n<li>Formulario RI-F-31 debidamente diligenciado.<\/li>\n<\/ul>\n\n\n\n<p>These documents are essential for your application and participation in the Student Mobility program, ensuring a successful and enriching experience in your academic career.<\/p>\n\n<\/div><\/details>\n\n<\/div>\n\n<div class=\"gb-container gb-container-5b197f68\">\n\n<details class=\"wp-block-details is-layout-flow wp-block-details-is-layout-flow\"><summary>Where can I do an academic exchange?<\/summary><div class=\"gb-container gb-container-9d49fbd7\">\n\n<ul class=\"wp-block-list\">\n<li><strong>Barranquilla<\/strong>\n<ul class=\"wp-block-list\">\n<li>Litoral Education Corporation<\/li>\n\n\n\n<li>Metropolitan University<\/li>\n\n\n\n<li>Simon Bolivar University &nbsp;<\/li>\n\n\n\n<li>Corporaci\u00f3n Polit\u00e9cnico de la Costa Atl\u00e1ntica \u2013 PCA &nbsp;<\/li>\n\n\n\n<li>Latin American University Corporation - CUL<\/li>\n\n\n\n<li>American University Corporation<\/li>\n\n\n\n<li>Reformed University Corporation<\/li>\n\n\n\n<li>ITSA University Institution<\/li>\n\n\n\n<li>University of the Atlantic<\/li>\n\n\n\n<li>Autonomous University of the Caribbean<\/li>\n\n\n\n<li>University of La Costa<\/li>\n\n\n\n<li>Rafael N\u00fa\u00f1ez University<\/li>\n<\/ul>\n<\/li>\n\n\n\n<li><strong>Cartagena<\/strong>\n<ul class=\"wp-block-list\">\n<li>Bolivar High School<\/li>\n\n\n\n<li>Rafael N\u00fa\u00f1ez University<\/li>\n\n\n\n<li>Saint Bonaventure University<\/li>\n\n\n\n<li>Technological University of Bolivar<\/li>\n\n\n\n<li>Antonio de Arevalo Technology TECNAR<\/li>\n\n\n\n<li>Colombo International University Foundation &nbsp;<\/li>\n\n\n\n<li>University Institution of Fine Arts and Sciences of Bol\u00edvar<\/li>\n\n\n\n<li>University Corporation Antonio Jos\u00e9 de Sucre<\/li>\n\n\n\n<li>Comfenalco Technological University Foundation<\/li>\n\n\n\n<li>Free University of Cartagena<\/li>\n<\/ul>\n<\/li>\n\n\n\n<li><strong>Ci\u00e9naga<\/strong>\n<ul class=\"wp-block-list\">\n<li>Instituto Nacional de formaci\u00f3n T\u00e9cnica Profesional \u201cHumberto Vel\u00e1squez Garc\u00eda\u201d de Ci\u00e9naga \u2013 Magdalena<\/li>\n<\/ul>\n<\/li>\n\n\n\n<li><strong>Monter\u00eda<\/strong>\n<ul class=\"wp-block-list\">\n<li>University of Cordoba<\/li>\n\n\n\n<li>University of Sin\u00fa<\/li>\n\n\n\n<li>Pontifical Bolivarian University<\/li>\n<\/ul>\n<\/li>\n\n\n\n<li><strong>Santa Marta<\/strong>\n<ul class=\"wp-block-list\">\n<li>INFOTEP<\/li>\n\n\n\n<li>Cooperative University of Colombia<\/li>\n\n\n\n<li>University of Magdalena<\/li>\n\n\n\n<li>Sergio Arboleda University<\/li>\n<\/ul>\n<\/li>\n\n\n\n<li><strong>Sincelejo<\/strong>\n<ul class=\"wp-block-list\">\n<li>University Corporation Antonio Jos\u00e9 de Sucre<\/li>\n\n\n\n<li>University of Sucre<\/li>\n<\/ul>\n<\/li>\n\n\n\n<li><strong>Did you know?<\/strong>\n<ul class=\"wp-block-list\">\n<li>These universities are part of the Mu\u00e9vete por la Costa agreement.<\/li>\n<\/ul>\n<\/li>\n<\/ul>\n\n<\/div><\/details>\n\n<\/div>\n\n<div class=\"gb-container gb-container-742fbb2f\">\n\n<details class=\"wp-block-details is-layout-flow wp-block-details-is-layout-flow\"><summary>What is the step-by-step process to apply for the student exchange program?<\/summary><div class=\"gb-container gb-container-89be0808\">\n\n<ul class=\"wp-block-list\">\n<li><strong>Verification of subjects:<\/strong>&nbsp;Before starting the process, verify the courses you are eligible to take in the exchange semester.<\/li>\n\n\n\n<li><strong>Exploration of the study plan:<\/strong>&nbsp;Review the curriculum of the foreign university of your interest to identify possible courses to take. Communicate your interest to the International Relations Office (ORI) of the University of La Guajira.<\/li>\n\n\n\n<li><strong>Enrollment in Uniguajira:<\/strong>&nbsp;Enroll in Uniguajira for the semester in which you plan to do the exchange.<\/li>\n\n\n\n<li><strong>Acceptance and commitment:<\/strong>&nbsp;Once you are accepted into the exchange program, commit to register and evaluate your mobility experience on the platform&nbsp;\n<ul class=\"wp-block-list\">\n<li><strong><a href=\"https:\/\/gunig.uniguajira.edu.co\/GUNIG\/orinueva\/mdlsolicitantes\/solicitantes\/buscar\" target=\"_blank\" rel=\"noreferrer noopener\">PLATINUM<\/a><\/strong>.<\/li>\n<\/ul>\n<\/li>\n<\/ul>\n\n\n\n<p>This process guarantees a successful application and an enriching experience during your student exchange, allowing you to take full advantage of the academic and cultural opportunities offered by the University of La Guajira.<\/p>\n\n<\/div><\/details>\n\n<\/div>\n\n<div class=\"gb-container gb-container-4f701c57\">\n\n<details class=\"wp-block-details is-layout-flow wp-block-details-is-layout-flow\"><summary>What are the costs and recommendations to consider if I want to apply for a student exchange?<\/summary><div class=\"gb-container gb-container-f5176bdd\">\n\n<ul class=\"wp-block-list\">\n<li><strong>Costs:<\/strong>\n<ul class=\"wp-block-list\">\n<li><strong>Transcript of grades:<\/strong>&nbsp;You must take into account the cost associated with obtaining your transcript required for the exchange application.<\/li>\n\n\n\n<li><strong>Transportation tickets:<\/strong>&nbsp;The cost of air and\/or land tickets to travel to the exchange destination should also be considered.<\/li>\n\n\n\n<li><strong>Lodging and meals:<\/strong>&nbsp;Plan for expenses related to lodging and food during your stay in the exchange country.<\/li>\n<\/ul>\n<\/li>\n\n\n\n<li><strong>Recommendations:<\/strong>\n<ul class=\"wp-block-list\">\n<li>Obtaining the transcript: At the end of your exchange, request the corresponding transcript. This document is essential for the process of homologation of courses in Uniguajira and ensures the academic recognition of your achievements during the exchange.<br>Carefully planning these costs and following the recommendations will allow you to have a successful exchange experience and make the most of this valuable opportunity for personal and academic growth.<\/li>\n<\/ul>\n<\/li>\n<\/ul>\n\n<\/div><\/details>\n\n<\/div>\n\n<div class=\"gb-container gb-container-d8c4ac51\">\n\n<details class=\"wp-block-details is-layout-flow wp-block-details-is-layout-flow\"><summary>Where can I get more information about international exchange programs and activities?<\/summary><div class=\"gb-container gb-container-42cf2b4a\">\n\n<p>For more information about exchange programs, international opportunities and related activities, we invite you to contact us through the following means:<\/p>\n\n\n\n<ul class=\"wp-block-list\">\n<li><strong>E-mail:<\/strong>&nbsp;You can write to us at&nbsp;<a href=\"mailto:ori@uniguajira.edu.co\"><strong>ori@uniguajira.edu.co<\/strong><\/a>&nbsp;to resolve your doubts and receive detailed guidance on the available options.<\/li>\n\n\n\n<li><strong>Social Networking:<\/strong>&nbsp;Follow us on our social networks to stay updated on events, calls and news related to internationalization:\n<ul class=\"wp-block-list\">\n<li>Instagram: <a href=\"https:\/\/www.instagram.com\/oriuniguajira\" target=\"_blank\" rel=\"noreferrer noopener\"><strong>@oriuniguajira<\/strong><\/a><\/li>\n\n\n\n<li>Twitter: <a href=\"https:\/\/twitter.com\/ORIUNIGUAJIRA\" target=\"_blank\" rel=\"noreferrer noopener\"><strong>@ORIUNIGUAJIRA<\/strong><\/a><\/li>\n\n\n\n<li>Facebook: <a href=\"https:\/\/www.facebook.com\/OriUniguajira\" target=\"_blank\" rel=\"noreferrer noopener\"><strong>Ori Uniguajira<\/strong><\/a><\/li>\n<\/ul>\n<\/li>\n<\/ul>\n\n\n\n<p>We are here to provide you with the support you need to enrich your international academic experience. Do not hesitate to contact us for guidance and personalized advice.<\/p>\n\n<\/div><\/details>\n\n<\/div>\n<\/div>\n<\/div>\n<\/div>\n<\/div>\n<\/div>\n<\/div>","protected":false},"excerpt":{"rendered":"<p>General requirements for the mobility process<\/p>","protected":false},"author":3,"featured_media":42707,"parent":31770,"menu_order":0,"comment_status":"closed","ping_status":"closed","template":"","meta":{"footnotes":""},"class_list":{"0":"post-23758","1":"page","2":"type-page","3":"status-publish","4":"has-post-thumbnail","6":"infinite-scroll-item"},"yoast_head":"<!-- This site is optimized with the Yoast SEO Premium plugin v27.0 (Yoast SEO v27.0) - https:\/\/yoast.com\/product\/yoast-seo-premium-wordpress\/ -->\n<title>Intercambio nacional<\/title>\n<meta name=\"robots\" content=\"index, follow, max-snippet:-1, max-image-preview:large, max-video-preview:-1\" \/>\n<link rel=\"canonical\" href=\"https:\/\/uniguajira.edu.co\/en\/universidad-de-la-guajira\/oficina-de-relaciones-internacionales\/intercambio-nacional\/\" \/>\n<meta property=\"og:locale\" content=\"en_US\" \/>\n<meta property=\"og:type\" content=\"article\" \/>\n<meta property=\"og:title\" content=\"Intercambio nacional\" \/>\n<meta property=\"og:description\" content=\"Requisitos generales proceso de movilidad\" \/>\n<meta property=\"og:url\" content=\"https:\/\/uniguajira.edu.co\/en\/universidad-de-la-guajira\/oficina-de-relaciones-internacionales\/intercambio-nacional\/\" \/>\n<meta property=\"og:site_name\" content=\"Universidad de La Guajira\" \/>\n<meta property=\"article:publisher\" content=\"https:\/\/www.facebook.com\/UniLaGuajira\/\" \/>\n<meta property=\"article:modified_time\" content=\"2025-10-01T20:26:43+00:00\" \/>\n<meta property=\"og:image\" content=\"https:\/\/uniguajira.edu.co\/wp-content\/uploads\/2024\/04\/Banner-de-Internacionalizacion.jpg\" \/>\n\t<meta property=\"og:image:width\" content=\"1920\" \/>\n\t<meta property=\"og:image:height\" content=\"520\" \/>\n\t<meta property=\"og:image:type\" content=\"image\/jpeg\" \/>\n<meta name=\"twitter:card\" content=\"summary_large_image\" \/>\n<meta name=\"twitter:site\" content=\"@UniLaGuajira\" \/>\n<meta name=\"twitter:label1\" content=\"Est. reading time\" \/>\n\t<meta name=\"twitter:data1\" content=\"4 minutes\" \/>\n<script type=\"application\/ld+json\" class=\"yoast-schema-graph\">{\"@context\":\"https:\/\/schema.org\",\"@graph\":[{\"@type\":\"WebPage\",\"@id\":\"https:\/\/uniguajira.edu.co\/universidad-de-la-guajira\/oficina-de-relaciones-internacionales\/intercambio-nacional\/\",\"url\":\"https:\/\/uniguajira.edu.co\/universidad-de-la-guajira\/oficina-de-relaciones-internacionales\/intercambio-nacional\/\",\"name\":\"Intercambio nacional\",\"isPartOf\":{\"@id\":\"https:\/\/uniguajira.edu.co\/#website\"},\"primaryImageOfPage\":{\"@id\":\"https:\/\/uniguajira.edu.co\/universidad-de-la-guajira\/oficina-de-relaciones-internacionales\/intercambio-nacional\/#primaryimage\"},\"image\":{\"@id\":\"https:\/\/uniguajira.edu.co\/universidad-de-la-guajira\/oficina-de-relaciones-internacionales\/intercambio-nacional\/#primaryimage\"},\"thumbnailUrl\":\"https:\/\/uniguajira.edu.co\/wp-content\/uploads\/2024\/04\/Banner-de-Internacionalizacion.jpg\",\"datePublished\":\"2024-01-13T14:29:43+00:00\",\"dateModified\":\"2025-10-01T20:26:43+00:00\",\"breadcrumb\":{\"@id\":\"https:\/\/uniguajira.edu.co\/universidad-de-la-guajira\/oficina-de-relaciones-internacionales\/intercambio-nacional\/#breadcrumb\"},\"inLanguage\":\"en-US\",\"potentialAction\":[{\"@type\":\"ReadAction\",\"target\":[\"https:\/\/uniguajira.edu.co\/universidad-de-la-guajira\/oficina-de-relaciones-internacionales\/intercambio-nacional\/\"]}]},{\"@type\":\"ImageObject\",\"inLanguage\":\"en-US\",\"@id\":\"https:\/\/uniguajira.edu.co\/universidad-de-la-guajira\/oficina-de-relaciones-internacionales\/intercambio-nacional\/#primaryimage\",\"url\":\"https:\/\/uniguajira.edu.co\/wp-content\/uploads\/2024\/04\/Banner-de-Internacionalizacion.jpg\",\"contentUrl\":\"https:\/\/uniguajira.edu.co\/wp-content\/uploads\/2024\/04\/Banner-de-Internacionalizacion.jpg\",\"width\":1920,\"height\":520},{\"@type\":\"BreadcrumbList\",\"@id\":\"https:\/\/uniguajira.edu.co\/universidad-de-la-guajira\/oficina-de-relaciones-internacionales\/intercambio-nacional\/#breadcrumb\",\"itemListElement\":[{\"@type\":\"ListItem\",\"position\":1,\"name\":\"\u2302 Uniguajira\",\"item\":\"https:\/\/uniguajira.edu.co\/\"},{\"@type\":\"ListItem\",\"position\":2,\"name\":\"Uniguajira\",\"item\":\"https:\/\/uniguajira.edu.co\/\"},{\"@type\":\"ListItem\",\"position\":3,\"name\":\"Relaciones Internacionales\",\"item\":\"https:\/\/uniguajira.edu.co\/universidad-de-la-guajira\/oficina-de-relaciones-internacionales\/\"},{\"@type\":\"ListItem\",\"position\":4,\"name\":\"Intercambio nacional\"}]},{\"@type\":\"WebSite\",\"@id\":\"https:\/\/uniguajira.edu.co\/#website\",\"url\":\"https:\/\/uniguajira.edu.co\/\",\"name\":\"UNIGUAJIRA\",\"description\":\"Descubre la educaci\u00f3n superior con oportunidades laborales, retos estudiantiles y tecnolog\u00eda innovadora. Alcanza el \u00e9xito acad\u00e9mico y explora el impacto social y la diversidad en un entorno de aprendizaje moderno. Ad\u00e1ptate con inteligencia artificial y pr\u00e1cticas profesionales para un crecimiento integral.\",\"publisher\":{\"@id\":\"https:\/\/uniguajira.edu.co\/#organization\"},\"alternateName\":\"Universidad de La Guajira\",\"potentialAction\":[{\"@type\":\"SearchAction\",\"target\":{\"@type\":\"EntryPoint\",\"urlTemplate\":\"https:\/\/uniguajira.edu.co\/?s={search_term_string}\"},\"query-input\":{\"@type\":\"PropertyValueSpecification\",\"valueRequired\":true,\"valueName\":\"search_term_string\"}}],\"inLanguage\":\"en-US\"},{\"@type\":\"Organization\",\"@id\":\"https:\/\/uniguajira.edu.co\/#organization\",\"name\":\"Universidad de La Guajira\",\"alternateName\":\"UNIGUAJIRA\",\"url\":\"https:\/\/uniguajira.edu.co\/\",\"logo\":{\"@type\":\"ImageObject\",\"inLanguage\":\"en-US\",\"@id\":\"https:\/\/uniguajira.edu.co\/#\/schema\/logo\/image\/\",\"url\":\"https:\/\/uniguajira.edu.co\/wp-content\/uploads\/2026\/01\/cropped-cropped-LOGOS-PAGINA-WEB-04-1.webp\",\"contentUrl\":\"https:\/\/uniguajira.edu.co\/wp-content\/uploads\/2026\/01\/cropped-cropped-LOGOS-PAGINA-WEB-04-1.webp\",\"width\":360,\"height\":72,\"caption\":\"Universidad de La Guajira\"},\"image\":{\"@id\":\"https:\/\/uniguajira.edu.co\/#\/schema\/logo\/image\/\"},\"sameAs\":[\"https:\/\/www.facebook.com\/UniLaGuajira\/\",\"https:\/\/x.com\/UniLaGuajira\",\"https:\/\/www.instagram.com\/uniguajira_\/\",\"https:\/\/www.youtube.com\/user\/UniLaGuajira\"]}]}<\/script>\n<!-- \/ Yoast SEO Premium plugin. -->","yoast_head_json":{"title":"National exchange","robots":{"index":"index","follow":"follow","max-snippet":"max-snippet:-1","max-image-preview":"max-image-preview:large","max-video-preview":"max-video-preview:-1"},"canonical":"https:\/\/uniguajira.edu.co\/en\/universidad-de-la-guajira\/oficina-de-relaciones-internacionales\/intercambio-nacional\/","og_locale":"en_US","og_type":"article","og_title":"Intercambio nacional","og_description":"Requisitos generales proceso de movilidad","og_url":"https:\/\/uniguajira.edu.co\/en\/universidad-de-la-guajira\/oficina-de-relaciones-internacionales\/intercambio-nacional\/","og_site_name":"Universidad de La Guajira","article_publisher":"https:\/\/www.facebook.com\/UniLaGuajira\/","article_modified_time":"2025-10-01T20:26:43+00:00","og_image":[{"width":1920,"height":520,"url":"https:\/\/uniguajira.edu.co\/wp-content\/uploads\/2024\/04\/Banner-de-Internacionalizacion.jpg","type":"image\/jpeg"}],"twitter_card":"summary_large_image","twitter_site":"@UniLaGuajira","twitter_misc":{"Est. reading time":"4 minutes"},"schema":{"@context":"https:\/\/schema.org","@graph":[{"@type":"WebPage","@id":"https:\/\/uniguajira.edu.co\/universidad-de-la-guajira\/oficina-de-relaciones-internacionales\/intercambio-nacional\/","url":"https:\/\/uniguajira.edu.co\/universidad-de-la-guajira\/oficina-de-relaciones-internacionales\/intercambio-nacional\/","name":"National exchange","isPartOf":{"@id":"https:\/\/uniguajira.edu.co\/#website"},"primaryImageOfPage":{"@id":"https:\/\/uniguajira.edu.co\/universidad-de-la-guajira\/oficina-de-relaciones-internacionales\/intercambio-nacional\/#primaryimage"},"image":{"@id":"https:\/\/uniguajira.edu.co\/universidad-de-la-guajira\/oficina-de-relaciones-internacionales\/intercambio-nacional\/#primaryimage"},"thumbnailUrl":"https:\/\/uniguajira.edu.co\/wp-content\/uploads\/2024\/04\/Banner-de-Internacionalizacion.jpg","datePublished":"2024-01-13T14:29:43+00:00","dateModified":"2025-10-01T20:26:43+00:00","breadcrumb":{"@id":"https:\/\/uniguajira.edu.co\/universidad-de-la-guajira\/oficina-de-relaciones-internacionales\/intercambio-nacional\/#breadcrumb"},"inLanguage":"en-US","potentialAction":[{"@type":"ReadAction","target":["https:\/\/uniguajira.edu.co\/universidad-de-la-guajira\/oficina-de-relaciones-internacionales\/intercambio-nacional\/"]}]},{"@type":"ImageObject","inLanguage":"en-US","@id":"https:\/\/uniguajira.edu.co\/universidad-de-la-guajira\/oficina-de-relaciones-internacionales\/intercambio-nacional\/#primaryimage","url":"https:\/\/uniguajira.edu.co\/wp-content\/uploads\/2024\/04\/Banner-de-Internacionalizacion.jpg","contentUrl":"https:\/\/uniguajira.edu.co\/wp-content\/uploads\/2024\/04\/Banner-de-Internacionalizacion.jpg","width":1920,"height":520},{"@type":"BreadcrumbList","@id":"https:\/\/uniguajira.edu.co\/universidad-de-la-guajira\/oficina-de-relaciones-internacionales\/intercambio-nacional\/#breadcrumb","itemListElement":[{"@type":"ListItem","position":1,"name":"\u2302 Uniguajira","item":"https:\/\/uniguajira.edu.co\/"},{"@type":"ListItem","position":2,"name":"Uniguajira","item":"https:\/\/uniguajira.edu.co\/"},{"@type":"ListItem","position":3,"name":"Relaciones Internacionales","item":"https:\/\/uniguajira.edu.co\/universidad-de-la-guajira\/oficina-de-relaciones-internacionales\/"},{"@type":"ListItem","position":4,"name":"Intercambio nacional"}]},{"@type":"WebSite","@id":"https:\/\/uniguajira.edu.co\/#website","url":"https:\/\/uniguajira.edu.co\/","name":"UNIGUAJIRA","description":"Descubre la educaci\u00f3n superior con oportunidades laborales, retos estudiantiles y tecnolog\u00eda innovadora. Alcanza el \u00e9xito acad\u00e9mico y explora el impacto social y la diversidad en un entorno de aprendizaje moderno. Ad\u00e1ptate con inteligencia artificial y pr\u00e1cticas profesionales para un crecimiento integral.","publisher":{"@id":"https:\/\/uniguajira.edu.co\/#organization"},"alternateName":"Universidad de La Guajira","potentialAction":[{"@type":"SearchAction","target":{"@type":"EntryPoint","urlTemplate":"https:\/\/uniguajira.edu.co\/?s={search_term_string}"},"query-input":{"@type":"PropertyValueSpecification","valueRequired":true,"valueName":"search_term_string"}}],"inLanguage":"en-US"},{"@type":"Organization","@id":"https:\/\/uniguajira.edu.co\/#organization","name":"University of La Guajira","alternateName":"UNIGUAJIRA","url":"https:\/\/uniguajira.edu.co\/","logo":{"@type":"ImageObject","inLanguage":"en-US","@id":"https:\/\/uniguajira.edu.co\/#\/schema\/logo\/image\/","url":"https:\/\/uniguajira.edu.co\/wp-content\/uploads\/2026\/01\/cropped-cropped-LOGOS-PAGINA-WEB-04-1.webp","contentUrl":"https:\/\/uniguajira.edu.co\/wp-content\/uploads\/2026\/01\/cropped-cropped-LOGOS-PAGINA-WEB-04-1.webp","width":360,"height":72,"caption":"Universidad de La Guajira"},"image":{"@id":"https:\/\/uniguajira.edu.co\/#\/schema\/logo\/image\/"},"sameAs":["https:\/\/www.facebook.com\/UniLaGuajira\/","https:\/\/x.com\/UniLaGuajira","https:\/\/www.instagram.com\/uniguajira_\/","https:\/\/www.youtube.com\/user\/UniLaGuajira"]}]}},"_hostinger_reach_plugin_has_subscription_block":false,"_hostinger_reach_plugin_is_elementor":false,"_links":{"self":[{"href":"https:\/\/uniguajira.edu.co\/en\/wp-json\/wp\/v2\/pages\/23758","targetHints":{"allow":["GET"]}}],"collection":[{"href":"https:\/\/uniguajira.edu.co\/en\/wp-json\/wp\/v2\/pages"}],"about":[{"href":"https:\/\/uniguajira.edu.co\/en\/wp-json\/wp\/v2\/types\/page"}],"author":[{"embeddable":true,"href":"https:\/\/uniguajira.edu.co\/en\/wp-json\/wp\/v2\/users\/3"}],"replies":[{"embeddable":true,"href":"https:\/\/uniguajira.edu.co\/en\/wp-json\/wp\/v2\/comments?post=23758"}],"version-history":[{"count":0,"href":"https:\/\/uniguajira.edu.co\/en\/wp-json\/wp\/v2\/pages\/23758\/revisions"}],"up":[{"embeddable":true,"href":"https:\/\/uniguajira.edu.co\/en\/wp-json\/wp\/v2\/pages\/31770"}],"wp:featuredmedia":[{"embeddable":true,"href":"https:\/\/uniguajira.edu.co\/en\/wp-json\/wp\/v2\/media\/42707"}],"wp:attachment":[{"href":"https:\/\/uniguajira.edu.co\/en\/wp-json\/wp\/v2\/media?parent=23758"}],"curies":[{"name":"wp","href":"https:\/\/api.w.org\/{rel}","templated":true}]}}