{"id":22880,"date":"2024-01-11T05:58:24","date_gmt":"2024-01-11T10:58:24","guid":{"rendered":"https:\/\/uniguajira.edu.co\/?page_id=22880"},"modified":"2026-02-20T09:56:33","modified_gmt":"2026-02-20T14:56:33","slug":"ubicate","status":"publish","type":"page","link":"https:\/\/uniguajira.edu.co\/en\/universidad-de-la-guajira\/atencion-y-servicios-a-la-ciudadania\/ubicate\/","title":{"rendered":"Locate"},"content":{"rendered":"<div class=\"gb-container gb-container-bcb45f8c alignfull\">\n<div class=\"gb-container gb-container-c750427f\">\n\n<div id=\"section-gea2839\" class=\"wp-block-gutentor-e1 section-gea2839 gutentor-element gutentor-element-advanced-text enable-title-design text-align-center-desktop text-align-center-tablet text-align-center-mobile\"><div class=\"gutentor-text-wrap divider-bottom\"><h2 class=\"gutentor-text\"><strong>Citizen assistance menu<\/strong><\/h2><div class=\"gutentor-separator gutentor-separator-after\"><span><svg xmlns=\"http:\/\/www.w3.org\/2000\/svg\" viewbox=\"0 0 240 40\" preserveaspectratio=\"none\"><path d=\"M123.3 20.9l-2.4 2.4c-.5.5-1.4.5-1.9 0l-2.4-2.4c-.5-.5-.5-1.4 0-1.9l2.4-2.4c.5-.5 1.4-.5 1.9 0l2.4 2.4c.5.6.5 1.4 0 1.9z\"><\/path><path d=\"M169.2 20.8H70.8c-.4 0-.8-.3-.8-.8 0-.4.3-.8.8-.8h98.5c.4 0 .8.3.8.8-.1.4-.4.8-.9.8z\"><\/path><\/svg><\/span><\/div><\/div><\/div>\n\n\n<div class=\"gb-container gb-container-d3702fd7\">\n<div class=\"gb-container gb-container-6b2732e2\">\n<div class=\"gb-grid-wrapper gb-grid-wrapper-2faf1299\">\n<div class=\"gb-grid-column gb-grid-column-63fff63a\"><div class=\"gb-container gb-container-63fff63a\">\n<div class=\"gb-container gb-container-b1fb85b9\">\n\n<button type=\"button\" class=\"icon-button infpro\" onclick=\"window.location.href = 'https:\/\/uniguajira.edu.co\/mapa-del-sitio\/'\">\n\n    <svg xmlns=\"http:\/\/www.w3.org\/2000\/svg\" xmlns:xlink=\"http:\/\/www.w3.org\/1999\/xlink\" enable-background=\"new 0 0 64 64\" version=\"1.1\" viewbox=\"0 0 64 64\" xml:space=\"preserve\"><g id=\"Glyph\"><path d=\"M29.138,27.503l1.65,0.767l0.506,1.749c0.201,0.694,0.443,1.416,0.705,2.134c0.264-0.721,0.506-1.443,0.706-2.135   l0.506-1.748l1.65-0.767c2.429-1.129,3.998-3.592,3.998-6.275c0-3.813-3.077-6.916-6.859-6.916s-6.859,3.102-6.859,6.916   C25.141,23.911,26.71,26.374,29.138,27.503z M32,17.601c1.993,0,3.609,1.624,3.609,3.627c0,2.003-1.616,3.627-3.609,3.627   s-3.609-1.624-3.609-3.627C28.391,19.225,30.007,17.601,32,17.601z\"\/><path d=\"M3.869,48.392h18.075l-1.17,8.465H16.5v4h31v-4h-4.274l-1.17-8.465h18.075c2.134,0,3.869-1.735,3.869-3.868V7.011   c0-2.133-1.735-3.869-3.869-3.869H3.869C1.735,3.142,0,4.878,0,7.011v37.513C0,46.657,1.735,48.392,3.869,48.392z M39.187,56.857   H24.813l1.169-8.458l-0.05-0.007h12.136l-0.05,0.007L39.187,56.857z M32,10.313c5.997,0,10.859,4.887,10.859,10.916   c0,4.394-2.589,8.172-6.312,9.902c-1.177,4.069-3.56,8.84-3.907,9.532L32,41.923l-0.636-1.261c-0.351-0.688-2.735-5.46-3.912-9.532   c-3.722-1.731-6.311-5.508-6.311-9.902C21.141,15.2,26.003,10.313,32,10.313z\"\/><\/g><\/svg>\n     <span class=\"button-label\">Site Map<\/span>\n \n <\/button>\n\n<\/div>\n<\/div><\/div>\n\n<div class=\"gb-grid-column gb-grid-column-3f3d9533\"><div class=\"gb-container gb-container-3f3d9533\">\n<div class=\"gb-container gb-container-f50da46b\">\n\n<button type=\"button\" class=\"icon-button infpro\" onclick=\"window.open('https:\/\/www.google.com\/maps\/d\/u\/2\/edit?mid=12TMfP6IcKt7lKlTWY236hmla7cKTiho&#038;usp=sharing')\" target=\"_blank\">\n    <svg xmlns=\"http:\/\/www.w3.org\/2000\/svg\" xmlns:xlink=\"http:\/\/www.w3.org\/1999\/xlink\" enable-background=\"new 0 0 64 64\" version=\"1.1\" viewbox=\"0 0 64 64\" xml:space=\"preserve\">\n        <g id=\"Glyph\">\n            <path d=\"M25.464,29.206c0.825-5.984,4.771-9.943,10.648-10.644L49.412,5.155c-3.71-2.411-7.947-4.081-12.506-4.782l-24.29,24.332   l8.635,8.674L25.464,29.206z\"\/>\n            <path d=\"M64.002,31.999c0-9.798-4.408-18.562-11.344-24.432l-11.16,11.268c5.719,1.337,9.256,6.049,9.256,12.774   c0,2.492-1.405,5.927-3.222,9.328l10.158,10.143C61.655,45.753,64.002,39.15,64.002,31.999z\"\/>\n            <path d=\"M29.29,31.609c0,2.482,3.045,9.089,8.726,16.941c5.146-7.2,8.739-14.102,8.739-16.941c0-5.83-3.183-9.173-8.732-9.173   S29.29,25.78,29.29,31.609z M37.721,27.477c2.277,0,4.123,1.846,4.123,4.123s-1.846,4.123-4.123,4.123s-4.123-1.846-4.123-4.123   S35.444,27.477,37.721,27.477z\"\/>\n            <path d=\"M32.002,63.999c9.078,0,17.268-3.787,23.092-9.859l-9.624-9.609c-2.61,4.276-5.321,7.894-5.879,8.636l-1.567,2.057   l-1.557-2.057c-0.995-1.301-8.68-11.559-10.691-18.607L7.53,52.609C13.4,59.572,22.182,63.999,32.002,63.999z\"\/>\n            <path d=\"M18.41,36.194L2.323,20.034c-1.492,3.697-2.321,7.733-2.321,11.965c0,6.401,1.887,12.357,5.123,17.358L18.41,36.194z\"\/>\n            <path d=\"M4.168,16.218l5.627,5.652L31.618,0.009C19.847,0.148,9.61,6.64,4.168,16.218z\"\/>\n        <\/g>\n    <\/svg>\n    <span class=\"button-label\">Geographical location<\/span>\n<\/button>\n\n<\/div>\n<\/div><\/div>\n\n<div class=\"gb-grid-column gb-grid-column-8a0e553a\"><div class=\"gb-container gb-container-8a0e553a\">\n<div class=\"gb-container gb-container-dbebd5c8\">\n\n<button type=\"button\" class=\"icon-button infpro\" onclick=\"window.open('https:\/\/drive.google.com\/file\/d\/1f-c032zSM9c-Wi-LU29vBYpKPOVdkh0h\/preview?usp=sharing')\">\n     \n    <svg xmlns=\"http:\/\/www.w3.org\/2000\/svg\" xmlns:xlink=\"http:\/\/www.w3.org\/1999\/xlink\" enable-background=\"new 0 0 128 128\" id=\"\u0421\u043b\u043e\u0439_1\" version=\"1.1\" viewbox=\"0 0 128 128\" xml:space=\"preserve\"><g><path d=\"M19,121h107V17H21l0-15h-2C9.6,2,2,9.6,2,19v0v85v0C2,113.4,9.6,121,19,121z M6,19c0-6.5,4.8-11.9,11-12.8   v40.3c0,17.5,0,35,0,40.6c-4.4,0.5-8.3,2.7-11,5.9V19L6,19z M6,104c0-7.2,5.8-13,13-13h2l0-70h101v96H19C11.8,117,6,111.2,6,104   L6,104z\" fill=\"#ffffff\"\/><polygon fill=\"#ffffff\" points=\"112,51 78,51 78,49 74,49 74,55 108,55 108,103 78,103 78,67 74,67 74,103 35,103 35,55 58,55    58,48 54,48 54,51 35,51 35,35 74,35 74,37 78,37 78,31 31,31 31,107 112,107  \"\/><\/g><\/svg>\n    <span class=\"button-label\">Map of the University<\/span>\n\n<\/button>\n\n<\/div>\n<\/div><\/div>\n<\/div>\n<\/div>\n<\/div>\n<\/div>\n<\/div>","protected":false},"excerpt":{"rendered":"","protected":false},"author":3,"featured_media":24542,"parent":22346,"menu_order":0,"comment_status":"closed","ping_status":"closed","template":"","meta":{"footnotes":""},"class_list":{"0":"post-22880","1":"page","2":"type-page","3":"status-publish","4":"has-post-thumbnail","6":"infinite-scroll-item"},"yoast_head":"<!-- This site is optimized with the Yoast SEO Premium plugin v27.0 (Yoast SEO v27.0) - https:\/\/yoast.com\/product\/yoast-seo-premium-wordpress\/ -->\n<title>Ub\u00edcate<\/title>\n<meta name=\"robots\" content=\"index, follow, max-snippet:-1, max-image-preview:large, max-video-preview:-1\" \/>\n<link rel=\"canonical\" href=\"https:\/\/uniguajira.edu.co\/en\/universidad-de-la-guajira\/atencion-y-servicios-a-la-ciudadania\/ubicate\/\" \/>\n<meta property=\"og:locale\" content=\"en_US\" \/>\n<meta property=\"og:type\" content=\"article\" \/>\n<meta property=\"og:title\" content=\"Ub\u00edcate\" \/>\n<meta property=\"og:url\" content=\"https:\/\/uniguajira.edu.co\/en\/universidad-de-la-guajira\/atencion-y-servicios-a-la-ciudadania\/ubicate\/\" \/>\n<meta property=\"og:site_name\" content=\"Universidad de La Guajira\" \/>\n<meta property=\"article:publisher\" content=\"https:\/\/www.facebook.com\/UniLaGuajira\/\" \/>\n<meta property=\"article:modified_time\" content=\"2026-02-20T14:56:33+00:00\" \/>\n<meta property=\"og:image\" content=\"https:\/\/uniguajira.edu.co\/wp-content\/uploads\/2024\/01\/vista-aerea-de-uniguajira.webp\" \/>\n\t<meta property=\"og:image:width\" content=\"1920\" \/>\n\t<meta property=\"og:image:height\" content=\"590\" \/>\n\t<meta property=\"og:image:type\" content=\"image\/webp\" \/>\n<meta name=\"twitter:card\" content=\"summary_large_image\" \/>\n<meta name=\"twitter:site\" content=\"@UniLaGuajira\" \/>\n<meta name=\"twitter:label1\" content=\"Est. reading time\" \/>\n\t<meta name=\"twitter:data1\" content=\"1 minute\" \/>\n<script type=\"application\/ld+json\" class=\"yoast-schema-graph\">{\"@context\":\"https:\/\/schema.org\",\"@graph\":[{\"@type\":\"WebPage\",\"@id\":\"https:\/\/uniguajira.edu.co\/en\/universidad-de-la-guajira\/atencion-y-servicios-a-la-ciudadania\/ubicate\/\",\"url\":\"https:\/\/uniguajira.edu.co\/en\/universidad-de-la-guajira\/atencion-y-servicios-a-la-ciudadania\/ubicate\/\",\"name\":\"Ub\u00edcate\",\"isPartOf\":{\"@id\":\"https:\/\/uniguajira.edu.co\/#website\"},\"primaryImageOfPage\":{\"@id\":\"https:\/\/uniguajira.edu.co\/en\/universidad-de-la-guajira\/atencion-y-servicios-a-la-ciudadania\/ubicate\/#primaryimage\"},\"image\":{\"@id\":\"https:\/\/uniguajira.edu.co\/en\/universidad-de-la-guajira\/atencion-y-servicios-a-la-ciudadania\/ubicate\/#primaryimage\"},\"thumbnailUrl\":\"https:\/\/uniguajira.edu.co\/wp-content\/uploads\/2024\/01\/vista-aerea-de-uniguajira.webp\",\"datePublished\":\"2024-01-11T10:58:24+00:00\",\"dateModified\":\"2026-02-20T14:56:33+00:00\",\"breadcrumb\":{\"@id\":\"https:\/\/uniguajira.edu.co\/en\/universidad-de-la-guajira\/atencion-y-servicios-a-la-ciudadania\/ubicate\/#breadcrumb\"},\"inLanguage\":\"en-US\",\"potentialAction\":[{\"@type\":\"ReadAction\",\"target\":[\"https:\/\/uniguajira.edu.co\/en\/universidad-de-la-guajira\/atencion-y-servicios-a-la-ciudadania\/ubicate\/\"]}]},{\"@type\":\"ImageObject\",\"inLanguage\":\"en-US\",\"@id\":\"https:\/\/uniguajira.edu.co\/en\/universidad-de-la-guajira\/atencion-y-servicios-a-la-ciudadania\/ubicate\/#primaryimage\",\"url\":\"https:\/\/uniguajira.edu.co\/wp-content\/uploads\/2024\/01\/vista-aerea-de-uniguajira.webp\",\"contentUrl\":\"https:\/\/uniguajira.edu.co\/wp-content\/uploads\/2024\/01\/vista-aerea-de-uniguajira.webp\",\"width\":1920,\"height\":590,\"caption\":\"vista-aerea-de-la-universidad-de-la-guajira-donde-se-aprecia-la-mayor-parte-de-su-infraestructura\"},{\"@type\":\"BreadcrumbList\",\"@id\":\"https:\/\/uniguajira.edu.co\/en\/universidad-de-la-guajira\/atencion-y-servicios-a-la-ciudadania\/ubicate\/#breadcrumb\",\"itemListElement\":[{\"@type\":\"ListItem\",\"position\":1,\"name\":\"\u2302 Uniguajira\",\"item\":\"https:\/\/uniguajira.edu.co\/\"},{\"@type\":\"ListItem\",\"position\":2,\"name\":\"Uniguajira\",\"item\":\"https:\/\/uniguajira.edu.co\/\"},{\"@type\":\"ListItem\",\"position\":3,\"name\":\"Atenci\u00f3n y servicios a la ciudadan\u00eda\",\"item\":\"https:\/\/uniguajira.edu.co\/universidad-de-la-guajira\/atencion-y-servicios-a-la-ciudadania\/\"},{\"@type\":\"ListItem\",\"position\":4,\"name\":\"Ub\u00edcate\"}]},{\"@type\":\"WebSite\",\"@id\":\"https:\/\/uniguajira.edu.co\/#website\",\"url\":\"https:\/\/uniguajira.edu.co\/\",\"name\":\"UNIGUAJIRA\",\"description\":\"Descubre la educaci\u00f3n superior con oportunidades laborales, retos estudiantiles y tecnolog\u00eda innovadora. Alcanza el \u00e9xito acad\u00e9mico y explora el impacto social y la diversidad en un entorno de aprendizaje moderno. Ad\u00e1ptate con inteligencia artificial y pr\u00e1cticas profesionales para un crecimiento integral.\",\"publisher\":{\"@id\":\"https:\/\/uniguajira.edu.co\/#organization\"},\"alternateName\":\"Universidad de La Guajira\",\"potentialAction\":[{\"@type\":\"SearchAction\",\"target\":{\"@type\":\"EntryPoint\",\"urlTemplate\":\"https:\/\/uniguajira.edu.co\/?s={search_term_string}\"},\"query-input\":{\"@type\":\"PropertyValueSpecification\",\"valueRequired\":true,\"valueName\":\"search_term_string\"}}],\"inLanguage\":\"en-US\"},{\"@type\":\"Organization\",\"@id\":\"https:\/\/uniguajira.edu.co\/#organization\",\"name\":\"Universidad de La Guajira\",\"alternateName\":\"UNIGUAJIRA\",\"url\":\"https:\/\/uniguajira.edu.co\/\",\"logo\":{\"@type\":\"ImageObject\",\"inLanguage\":\"en-US\",\"@id\":\"https:\/\/uniguajira.edu.co\/#\/schema\/logo\/image\/\",\"url\":\"https:\/\/uniguajira.edu.co\/wp-content\/uploads\/2026\/01\/cropped-cropped-LOGOS-PAGINA-WEB-04-1.webp\",\"contentUrl\":\"https:\/\/uniguajira.edu.co\/wp-content\/uploads\/2026\/01\/cropped-cropped-LOGOS-PAGINA-WEB-04-1.webp\",\"width\":360,\"height\":72,\"caption\":\"Universidad de La Guajira\"},\"image\":{\"@id\":\"https:\/\/uniguajira.edu.co\/#\/schema\/logo\/image\/\"},\"sameAs\":[\"https:\/\/www.facebook.com\/UniLaGuajira\/\",\"https:\/\/x.com\/UniLaGuajira\",\"https:\/\/www.instagram.com\/uniguajira_\/\",\"https:\/\/www.youtube.com\/user\/UniLaGuajira\"]}]}<\/script>\n<!-- \/ Yoast SEO Premium plugin. -->","yoast_head_json":{"title":"Locate","robots":{"index":"index","follow":"follow","max-snippet":"max-snippet:-1","max-image-preview":"max-image-preview:large","max-video-preview":"max-video-preview:-1"},"canonical":"https:\/\/uniguajira.edu.co\/en\/universidad-de-la-guajira\/atencion-y-servicios-a-la-ciudadania\/ubicate\/","og_locale":"en_US","og_type":"article","og_title":"Ub\u00edcate","og_url":"https:\/\/uniguajira.edu.co\/en\/universidad-de-la-guajira\/atencion-y-servicios-a-la-ciudadania\/ubicate\/","og_site_name":"Universidad de La Guajira","article_publisher":"https:\/\/www.facebook.com\/UniLaGuajira\/","article_modified_time":"2026-02-20T14:56:33+00:00","og_image":[{"width":1920,"height":590,"url":"https:\/\/uniguajira.edu.co\/wp-content\/uploads\/2024\/01\/vista-aerea-de-uniguajira.webp","type":"image\/webp"}],"twitter_card":"summary_large_image","twitter_site":"@UniLaGuajira","twitter_misc":{"Est. reading time":"1 minute"},"schema":{"@context":"https:\/\/schema.org","@graph":[{"@type":"WebPage","@id":"https:\/\/uniguajira.edu.co\/en\/universidad-de-la-guajira\/atencion-y-servicios-a-la-ciudadania\/ubicate\/","url":"https:\/\/uniguajira.edu.co\/en\/universidad-de-la-guajira\/atencion-y-servicios-a-la-ciudadania\/ubicate\/","name":"Locate","isPartOf":{"@id":"https:\/\/uniguajira.edu.co\/#website"},"primaryImageOfPage":{"@id":"https:\/\/uniguajira.edu.co\/en\/universidad-de-la-guajira\/atencion-y-servicios-a-la-ciudadania\/ubicate\/#primaryimage"},"image":{"@id":"https:\/\/uniguajira.edu.co\/en\/universidad-de-la-guajira\/atencion-y-servicios-a-la-ciudadania\/ubicate\/#primaryimage"},"thumbnailUrl":"https:\/\/uniguajira.edu.co\/wp-content\/uploads\/2024\/01\/vista-aerea-de-uniguajira.webp","datePublished":"2024-01-11T10:58:24+00:00","dateModified":"2026-02-20T14:56:33+00:00","breadcrumb":{"@id":"https:\/\/uniguajira.edu.co\/en\/universidad-de-la-guajira\/atencion-y-servicios-a-la-ciudadania\/ubicate\/#breadcrumb"},"inLanguage":"en-US","potentialAction":[{"@type":"ReadAction","target":["https:\/\/uniguajira.edu.co\/en\/universidad-de-la-guajira\/atencion-y-servicios-a-la-ciudadania\/ubicate\/"]}]},{"@type":"ImageObject","inLanguage":"en-US","@id":"https:\/\/uniguajira.edu.co\/en\/universidad-de-la-guajira\/atencion-y-servicios-a-la-ciudadania\/ubicate\/#primaryimage","url":"https:\/\/uniguajira.edu.co\/wp-content\/uploads\/2024\/01\/vista-aerea-de-uniguajira.webp","contentUrl":"https:\/\/uniguajira.edu.co\/wp-content\/uploads\/2024\/01\/vista-aerea-de-uniguajira.webp","width":1920,"height":590,"caption":"vista-aerea-de-la-universidad-de-la-guajira-donde-se-aprecia-la-mayor-parte-de-su-infraestructura"},{"@type":"BreadcrumbList","@id":"https:\/\/uniguajira.edu.co\/en\/universidad-de-la-guajira\/atencion-y-servicios-a-la-ciudadania\/ubicate\/#breadcrumb","itemListElement":[{"@type":"ListItem","position":1,"name":"\u2302 Uniguajira","item":"https:\/\/uniguajira.edu.co\/"},{"@type":"ListItem","position":2,"name":"Uniguajira","item":"https:\/\/uniguajira.edu.co\/"},{"@type":"ListItem","position":3,"name":"Atenci\u00f3n y servicios a la ciudadan\u00eda","item":"https:\/\/uniguajira.edu.co\/universidad-de-la-guajira\/atencion-y-servicios-a-la-ciudadania\/"},{"@type":"ListItem","position":4,"name":"Ub\u00edcate"}]},{"@type":"WebSite","@id":"https:\/\/uniguajira.edu.co\/#website","url":"https:\/\/uniguajira.edu.co\/","name":"UNIGUAJIRA","description":"Descubre la educaci\u00f3n superior con oportunidades laborales, retos estudiantiles y tecnolog\u00eda innovadora. Alcanza el \u00e9xito acad\u00e9mico y explora el impacto social y la diversidad en un entorno de aprendizaje moderno. Ad\u00e1ptate con inteligencia artificial y pr\u00e1cticas profesionales para un crecimiento integral.","publisher":{"@id":"https:\/\/uniguajira.edu.co\/#organization"},"alternateName":"Universidad de La Guajira","potentialAction":[{"@type":"SearchAction","target":{"@type":"EntryPoint","urlTemplate":"https:\/\/uniguajira.edu.co\/?s={search_term_string}"},"query-input":{"@type":"PropertyValueSpecification","valueRequired":true,"valueName":"search_term_string"}}],"inLanguage":"en-US"},{"@type":"Organization","@id":"https:\/\/uniguajira.edu.co\/#organization","name":"University of La Guajira","alternateName":"UNIGUAJIRA","url":"https:\/\/uniguajira.edu.co\/","logo":{"@type":"ImageObject","inLanguage":"en-US","@id":"https:\/\/uniguajira.edu.co\/#\/schema\/logo\/image\/","url":"https:\/\/uniguajira.edu.co\/wp-content\/uploads\/2026\/01\/cropped-cropped-LOGOS-PAGINA-WEB-04-1.webp","contentUrl":"https:\/\/uniguajira.edu.co\/wp-content\/uploads\/2026\/01\/cropped-cropped-LOGOS-PAGINA-WEB-04-1.webp","width":360,"height":72,"caption":"Universidad de La Guajira"},"image":{"@id":"https:\/\/uniguajira.edu.co\/#\/schema\/logo\/image\/"},"sameAs":["https:\/\/www.facebook.com\/UniLaGuajira\/","https:\/\/x.com\/UniLaGuajira","https:\/\/www.instagram.com\/uniguajira_\/","https:\/\/www.youtube.com\/user\/UniLaGuajira"]}]}},"_hostinger_reach_plugin_has_subscription_block":false,"_hostinger_reach_plugin_is_elementor":false,"_links":{"self":[{"href":"https:\/\/uniguajira.edu.co\/en\/wp-json\/wp\/v2\/pages\/22880","targetHints":{"allow":["GET"]}}],"collection":[{"href":"https:\/\/uniguajira.edu.co\/en\/wp-json\/wp\/v2\/pages"}],"about":[{"href":"https:\/\/uniguajira.edu.co\/en\/wp-json\/wp\/v2\/types\/page"}],"author":[{"embeddable":true,"href":"https:\/\/uniguajira.edu.co\/en\/wp-json\/wp\/v2\/users\/3"}],"replies":[{"embeddable":true,"href":"https:\/\/uniguajira.edu.co\/en\/wp-json\/wp\/v2\/comments?post=22880"}],"version-history":[{"count":1,"href":"https:\/\/uniguajira.edu.co\/en\/wp-json\/wp\/v2\/pages\/22880\/revisions"}],"predecessor-version":[{"id":105715,"href":"https:\/\/uniguajira.edu.co\/en\/wp-json\/wp\/v2\/pages\/22880\/revisions\/105715"}],"up":[{"embeddable":true,"href":"https:\/\/uniguajira.edu.co\/en\/wp-json\/wp\/v2\/pages\/22346"}],"wp:featuredmedia":[{"embeddable":true,"href":"https:\/\/uniguajira.edu.co\/en\/wp-json\/wp\/v2\/media\/24542"}],"wp:attachment":[{"href":"https:\/\/uniguajira.edu.co\/en\/wp-json\/wp\/v2\/media?parent=22880"}],"curies":[{"name":"wp","href":"https:\/\/api.w.org\/{rel}","templated":true}]}}