{"id":22696,"date":"2024-01-10T11:43:31","date_gmt":"2024-01-10T16:43:31","guid":{"rendered":"https:\/\/uniguajira.edu.co\/?page_id=22696"},"modified":"2025-01-31T17:50:25","modified_gmt":"2025-01-31T22:50:25","slug":"informe-de-empalme","status":"publish","type":"page","link":"https:\/\/uniguajira.edu.co\/en\/universidad-de-la-guajira\/transparencia-y-acceso-a-informacion-publica\/informe-de-empalme\/","title":{"rendered":"Splicing report"},"content":{"rendered":"<div class=\"gb-container gb-container-d796b7e0\">\n<div class=\"gb-container gb-container-4d72301d\">\n<div class=\"gb-container gb-container-570b9a30\">\n<div class=\"gb-container gb-container-1db11728\">\n\n<p class=\"gb-headline gb-headline-adab62e1 gb-headline-text\">The University of La Guajira's Empalme Report is a strategic and transitional document that plays a vital role in the administrative continuity and effective management of our institution. This report is prepared at key moments of change of administration, such as the transition from one rector to another, and its main objective is to ensure a smooth and efficient transfer of knowledge and responsibilities.<\/p>\n\n\n\n<p class=\"gb-headline gb-headline-daeb2b5f gb-headline-text\">In this report, the achievements, challenges, ongoing projects and other essential aspects of university management are compiled and presented in detail. It also highlights the university's vision, mission and strategic objectives for the coming period.<\/p>\n\n\n\n<p class=\"gb-headline gb-headline-79839f5a gb-headline-text\">The University of La Guajira is committed to operating in a transparent, effective and sustainable manner, and the Empalme Report is a fundamental tool to ensure a successful transition and the continuity of our institution's mission. By providing access to this report, we seek to keep our academic community and society at large informed, and to foster collaboration and understanding of our future challenges and opportunities.<\/p>\n\n\n<div class=\"gb-container gb-container-bd75c527\">\n<div class=\"gb-container gb-container-61197dc1\">\n<div class=\"gb-container gb-container-14c73d23\">\n\n<details class=\"wp-block-details is-layout-flow wp-block-details-is-layout-flow\" open><summary>Period 2022-2025. Carlos Arturo Robles Julio<\/summary><div class=\"gb-container gb-container-5692accd\">\n\n<p class=\"gb-headline gb-headline-71516279\"><span class=\"gb-icon\"><svg xmlns=\"http:\/\/www.w3.org\/2000\/svg\" height=\"24px\" viewbox=\"0 0 24 24\" width=\"24px\" fill=\"#000000\"><path d=\"M0 0h24v24H0z\" fill=\"none\"><\/path><path d=\"M20 2H8c-1.1 0-2 .9-2 2v12c0 1.1.9 2 2 2h12c1.1 0 2-.9 2-2V4c0-1.1-.9-2-2-2zm-8.5 7.5c0 .83-.67 1.5-1.5 1.5H9v2H7.5V7H10c.83 0 1.5.67 1.5 1.5v1zm5 2c0 .83-.67 1.5-1.5 1.5h-2.5V7H15c.83 0 1.5.67 1.5 1.5v3zm4-3H19v1h1.5V11H19v2h-1.5V7h3v1.5zM9 9.5h1v-1H9v1zM4 6H2v14c0 1.1.9 2 2 2h14v-2H4V6zm10 5.5h1v-3h-1v3z\"><\/path><\/svg><\/span><span class=\"gb-headline-text\"><a href=\"https:\/\/uniguajira.edu.co\/en\/informe-de-gestion-2024\/\">Informe de gesti\u00f3n 2024<\/a><\/span><\/p>\n\n\n\n<p class=\"gb-headline gb-headline-8d84adad\"><span class=\"gb-icon\"><svg xmlns=\"http:\/\/www.w3.org\/2000\/svg\" height=\"24px\" viewbox=\"0 0 24 24\" width=\"24px\" fill=\"#000000\"><path d=\"M0 0h24v24H0z\" fill=\"none\"><\/path><path d=\"M20 2H8c-1.1 0-2 .9-2 2v12c0 1.1.9 2 2 2h12c1.1 0 2-.9 2-2V4c0-1.1-.9-2-2-2zm-8.5 7.5c0 .83-.67 1.5-1.5 1.5H9v2H7.5V7H10c.83 0 1.5.67 1.5 1.5v1zm5 2c0 .83-.67 1.5-1.5 1.5h-2.5V7H15c.83 0 1.5.67 1.5 1.5v3zm4-3H19v1h1.5V11H19v2h-1.5V7h3v1.5zM9 9.5h1v-1H9v1zM4 6H2v14c0 1.1.9 2 2 2h14v-2H4V6zm10 5.5h1v-3h-1v3z\"><\/path><\/svg><\/span><span class=\"gb-headline-text\"><a href=\"https:\/\/uniguajira.edu.co\/en\/informe-de-gestion-periodo-2023\/\">Management Report 2023<\/a><\/span><\/p>\n\n\n\n<p class=\"gb-headline gb-headline-e553c3a0\"><span class=\"gb-icon\"><svg xmlns=\"http:\/\/www.w3.org\/2000\/svg\" height=\"24px\" viewbox=\"0 0 24 24\" width=\"24px\" fill=\"#000000\"><path d=\"M0 0h24v24H0z\" fill=\"none\"><\/path><path d=\"M20 2H8c-1.1 0-2 .9-2 2v12c0 1.1.9 2 2 2h12c1.1 0 2-.9 2-2V4c0-1.1-.9-2-2-2zm-8.5 7.5c0 .83-.67 1.5-1.5 1.5H9v2H7.5V7H10c.83 0 1.5.67 1.5 1.5v1zm5 2c0 .83-.67 1.5-1.5 1.5h-2.5V7H15c.83 0 1.5.67 1.5 1.5v3zm4-3H19v1h1.5V11H19v2h-1.5V7h3v1.5zM9 9.5h1v-1H9v1zM4 6H2v14c0 1.1.9 2 2 2h14v-2H4V6zm10 5.5h1v-3h-1v3z\"><\/path><\/svg><\/span><span class=\"gb-headline-text\"><a href=\"https:\/\/uniguajira.edu.co\/en\/informe-de-gestion-periodo-2022\/\" data-type=\"link\" data-id=\"https:\/\/uniguajira.edu.co\/informe-de-gestion-periodo-2022\/\">Management Report 2022<\/a><\/span><\/p>\n\n<\/div><\/details>\n\n<\/div>\n\n<div class=\"gb-container gb-container-5b197f68\">\n\n<details class=\"wp-block-details is-layout-flow wp-block-details-is-layout-flow\"><summary>Term 2018-2021. Carlos Arturo Robles Julio<\/summary><div class=\"gb-container gb-container-9d49fbd7\">\n\n<p class=\"gb-headline gb-headline-cd85dbc7\"><span class=\"gb-icon\"><svg xmlns=\"http:\/\/www.w3.org\/2000\/svg\" height=\"24px\" viewbox=\"0 0 24 24\" width=\"24px\" fill=\"#000000\"><path d=\"M0 0h24v24H0z\" fill=\"none\"><\/path><path d=\"M20 2H8c-1.1 0-2 .9-2 2v12c0 1.1.9 2 2 2h12c1.1 0 2-.9 2-2V4c0-1.1-.9-2-2-2zm-8.5 7.5c0 .83-.67 1.5-1.5 1.5H9v2H7.5V7H10c.83 0 1.5.67 1.5 1.5v1zm5 2c0 .83-.67 1.5-1.5 1.5h-2.5V7H15c.83 0 1.5.67 1.5 1.5v3zm4-3H19v1h1.5V11H19v2h-1.5V7h3v1.5zM9 9.5h1v-1H9v1zM4 6H2v14c0 1.1.9 2 2 2h14v-2H4V6zm10 5.5h1v-3h-1v3z\"><\/path><\/svg><\/span><span class=\"gb-headline-text\"><a href=\"https:\/\/uniguajira.edu.co\/en\/informe-de-gestion-periodo-2021\/\">Informe de gesti\u00f3n \u2013 periodo 2021<\/a><\/span><\/p>\n\n\n\n<p class=\"gb-headline gb-headline-69fd3a1b\"><span class=\"gb-icon\"><svg xmlns=\"http:\/\/www.w3.org\/2000\/svg\" height=\"24px\" viewbox=\"0 0 24 24\" width=\"24px\" fill=\"#000000\"><path d=\"M0 0h24v24H0z\" fill=\"none\"><\/path><path d=\"M20 2H8c-1.1 0-2 .9-2 2v12c0 1.1.9 2 2 2h12c1.1 0 2-.9 2-2V4c0-1.1-.9-2-2-2zm-8.5 7.5c0 .83-.67 1.5-1.5 1.5H9v2H7.5V7H10c.83 0 1.5.67 1.5 1.5v1zm5 2c0 .83-.67 1.5-1.5 1.5h-2.5V7H15c.83 0 1.5.67 1.5 1.5v3zm4-3H19v1h1.5V11H19v2h-1.5V7h3v1.5zM9 9.5h1v-1H9v1zM4 6H2v14c0 1.1.9 2 2 2h14v-2H4V6zm10 5.5h1v-3h-1v3z\"><\/path><\/svg><\/span><span class=\"gb-headline-text\"><a href=\"https:\/\/uniguajira.edu.co\/en\/informe-de-gestion-periodo-2020\/\">Informe de gesti\u00f3n \u2013 periodo 2020<\/a><\/span><\/p>\n\n\n\n<p class=\"gb-headline gb-headline-5bc7af34\"><span class=\"gb-icon\"><svg xmlns=\"http:\/\/www.w3.org\/2000\/svg\" height=\"24px\" viewbox=\"0 0 24 24\" width=\"24px\" fill=\"#000000\"><path d=\"M0 0h24v24H0z\" fill=\"none\"><\/path><path d=\"M20 2H8c-1.1 0-2 .9-2 2v12c0 1.1.9 2 2 2h12c1.1 0 2-.9 2-2V4c0-1.1-.9-2-2-2zm-8.5 7.5c0 .83-.67 1.5-1.5 1.5H9v2H7.5V7H10c.83 0 1.5.67 1.5 1.5v1zm5 2c0 .83-.67 1.5-1.5 1.5h-2.5V7H15c.83 0 1.5.67 1.5 1.5v3zm4-3H19v1h1.5V11H19v2h-1.5V7h3v1.5zM9 9.5h1v-1H9v1zM4 6H2v14c0 1.1.9 2 2 2h14v-2H4V6zm10 5.5h1v-3h-1v3z\"><\/path><\/svg><\/span><span class=\"gb-headline-text\"><a href=\"https:\/\/uniguajira.edu.co\/en\/informe-de-gestion-periodo-2019\/\">Informe de gesti\u00f3n \u2013 periodo 2019<\/a><\/span><\/p>\n\n\n\n<p class=\"gb-headline gb-headline-2bdcae41\"><span class=\"gb-icon\"><svg xmlns=\"http:\/\/www.w3.org\/2000\/svg\" height=\"24px\" viewbox=\"0 0 24 24\" width=\"24px\" fill=\"#000000\"><path d=\"M0 0h24v24H0z\" fill=\"none\"><\/path><path d=\"M20 2H8c-1.1 0-2 .9-2 2v12c0 1.1.9 2 2 2h12c1.1 0 2-.9 2-2V4c0-1.1-.9-2-2-2zm-8.5 7.5c0 .83-.67 1.5-1.5 1.5H9v2H7.5V7H10c.83 0 1.5.67 1.5 1.5v1zm5 2c0 .83-.67 1.5-1.5 1.5h-2.5V7H15c.83 0 1.5.67 1.5 1.5v3zm4-3H19v1h1.5V11H19v2h-1.5V7h3v1.5zM9 9.5h1v-1H9v1zM4 6H2v14c0 1.1.9 2 2 2h14v-2H4V6zm10 5.5h1v-3h-1v3z\"><\/path><\/svg><\/span><span class=\"gb-headline-text\"><a href=\"https:\/\/uniguajira.edu.co\/en\/informe-de-gestion-periodo-2018\/\">Informe de gesti\u00f3n \u2013 periodo 2018<\/a><\/span><\/p>\n\n<\/div><\/details>\n\n<\/div>\n\n<div class=\"gb-container gb-container-0320083b\">\n\n<details class=\"wp-block-details is-layout-flow wp-block-details-is-layout-flow\"><summary>Period 2014-2017. Carlos Arturo Robles Julio<\/summary><div class=\"gb-container gb-container-c3acc046\">\n\n<p class=\"gb-headline gb-headline-959ac3e6\"><span class=\"gb-icon\"><svg xmlns=\"http:\/\/www.w3.org\/2000\/svg\" height=\"24px\" viewbox=\"0 0 24 24\" width=\"24px\" fill=\"#000000\"><path d=\"M0 0h24v24H0z\" fill=\"none\"><\/path><path d=\"M20 2H8c-1.1 0-2 .9-2 2v12c0 1.1.9 2 2 2h12c1.1 0 2-.9 2-2V4c0-1.1-.9-2-2-2zm-8.5 7.5c0 .83-.67 1.5-1.5 1.5H9v2H7.5V7H10c.83 0 1.5.67 1.5 1.5v1zm5 2c0 .83-.67 1.5-1.5 1.5h-2.5V7H15c.83 0 1.5.67 1.5 1.5v3zm4-3H19v1h1.5V11H19v2h-1.5V7h3v1.5zM9 9.5h1v-1H9v1zM4 6H2v14c0 1.1.9 2 2 2h14v-2H4V6zm10 5.5h1v-3h-1v3z\"><\/path><\/svg><\/span><span class=\"gb-headline-text\"><a href=\"https:\/\/uniguajira.edu.co\/en\/informe-de-gestion-periodo-2014-2017\/\">Informe de gesti\u00f3n \u2013 periodo 2014 &amp; 2017<\/a><\/span><\/p>\n\n<\/div><\/details>\n\n<\/div>\n\n<div class=\"gb-container gb-container-d8c4ac51\">\n\n<details class=\"wp-block-details is-layout-flow wp-block-details-is-layout-flow\"><summary>Period 2010-2013. Carlos Arturo Robles Julio<\/summary><div class=\"gb-container gb-container-42cf2b4a\">\n\n<p><\/p>\n\n<\/div><\/details>\n\n<\/div>\n<\/div>\n<\/div>\n<\/div>\n<\/div>\n<\/div>\n<\/div>","protected":false},"excerpt":{"rendered":"<p>El Informe de Empalme de la Universidad de La Guajira es un documento estrat\u00e9gico y de transici\u00f3n que juega un papel vital en &#8230; <a title=\"Splicing report\" class=\"read-more\" href=\"https:\/\/uniguajira.edu.co\/en\/universidad-de-la-guajira\/transparencia-y-acceso-a-informacion-publica\/informe-de-empalme\/\" aria-label=\"Read more about Informe de empalme\">.<\/a><\/p>","protected":false},"author":3,"featured_media":24597,"parent":21755,"menu_order":0,"comment_status":"closed","ping_status":"closed","template":"","meta":{"footnotes":""},"class_list":{"0":"post-22696","1":"page","2":"type-page","3":"status-publish","4":"has-post-thumbnail","6":"infinite-scroll-item"},"yoast_head":"<!-- This site is optimized with the Yoast SEO Premium plugin v27.0 (Yoast SEO v27.0) - https:\/\/yoast.com\/product\/yoast-seo-premium-wordpress\/ -->\n<title>Informe de empalme<\/title>\n<meta name=\"robots\" content=\"index, follow, max-snippet:-1, max-image-preview:large, max-video-preview:-1\" \/>\n<link rel=\"canonical\" href=\"https:\/\/uniguajira.edu.co\/en\/universidad-de-la-guajira\/transparencia-y-acceso-a-informacion-publica\/informe-de-empalme\/\" \/>\n<meta property=\"og:locale\" content=\"en_US\" \/>\n<meta property=\"og:type\" content=\"article\" \/>\n<meta property=\"og:title\" content=\"Informe de empalme\" \/>\n<meta property=\"og:description\" content=\"El Informe de Empalme de la Universidad de La Guajira es un documento estrat\u00e9gico y de transici\u00f3n que juega un papel vital en ... .\" \/>\n<meta property=\"og:url\" content=\"https:\/\/uniguajira.edu.co\/en\/universidad-de-la-guajira\/transparencia-y-acceso-a-informacion-publica\/informe-de-empalme\/\" \/>\n<meta property=\"og:site_name\" content=\"Universidad de La Guajira\" \/>\n<meta property=\"article:publisher\" content=\"https:\/\/www.facebook.com\/UniLaGuajira\/\" \/>\n<meta property=\"article:modified_time\" content=\"2025-01-31T22:50:25+00:00\" \/>\n<meta property=\"og:image\" content=\"https:\/\/uniguajira.edu.co\/wp-content\/uploads\/2024\/01\/transparencia.webp\" \/>\n\t<meta property=\"og:image:width\" content=\"1920\" \/>\n\t<meta property=\"og:image:height\" content=\"590\" \/>\n\t<meta property=\"og:image:type\" content=\"image\/webp\" \/>\n<meta name=\"twitter:card\" content=\"summary_large_image\" \/>\n<meta name=\"twitter:site\" content=\"@UniLaGuajira\" \/>\n<meta name=\"twitter:label1\" content=\"Est. reading time\" \/>\n\t<meta name=\"twitter:data1\" content=\"3 minutes\" \/>\n<script type=\"application\/ld+json\" class=\"yoast-schema-graph\">{\"@context\":\"https:\/\/schema.org\",\"@graph\":[{\"@type\":\"WebPage\",\"@id\":\"https:\/\/uniguajira.edu.co\/universidad-de-la-guajira\/transparencia-y-acceso-a-informacion-publica\/informe-de-empalme\/\",\"url\":\"https:\/\/uniguajira.edu.co\/universidad-de-la-guajira\/transparencia-y-acceso-a-informacion-publica\/informe-de-empalme\/\",\"name\":\"Informe de empalme\",\"isPartOf\":{\"@id\":\"https:\/\/uniguajira.edu.co\/#website\"},\"primaryImageOfPage\":{\"@id\":\"https:\/\/uniguajira.edu.co\/universidad-de-la-guajira\/transparencia-y-acceso-a-informacion-publica\/informe-de-empalme\/#primaryimage\"},\"image\":{\"@id\":\"https:\/\/uniguajira.edu.co\/universidad-de-la-guajira\/transparencia-y-acceso-a-informacion-publica\/informe-de-empalme\/#primaryimage\"},\"thumbnailUrl\":\"https:\/\/uniguajira.edu.co\/wp-content\/uploads\/2024\/01\/transparencia.webp\",\"datePublished\":\"2024-01-10T16:43:31+00:00\",\"dateModified\":\"2025-01-31T22:50:25+00:00\",\"breadcrumb\":{\"@id\":\"https:\/\/uniguajira.edu.co\/universidad-de-la-guajira\/transparencia-y-acceso-a-informacion-publica\/informe-de-empalme\/#breadcrumb\"},\"inLanguage\":\"en-US\",\"potentialAction\":[{\"@type\":\"ReadAction\",\"target\":[\"https:\/\/uniguajira.edu.co\/universidad-de-la-guajira\/transparencia-y-acceso-a-informacion-publica\/informe-de-empalme\/\"]}]},{\"@type\":\"ImageObject\",\"inLanguage\":\"en-US\",\"@id\":\"https:\/\/uniguajira.edu.co\/universidad-de-la-guajira\/transparencia-y-acceso-a-informacion-publica\/informe-de-empalme\/#primaryimage\",\"url\":\"https:\/\/uniguajira.edu.co\/wp-content\/uploads\/2024\/01\/transparencia.webp\",\"contentUrl\":\"https:\/\/uniguajira.edu.co\/wp-content\/uploads\/2024\/01\/transparencia.webp\",\"width\":1920,\"height\":590},{\"@type\":\"BreadcrumbList\",\"@id\":\"https:\/\/uniguajira.edu.co\/universidad-de-la-guajira\/transparencia-y-acceso-a-informacion-publica\/informe-de-empalme\/#breadcrumb\",\"itemListElement\":[{\"@type\":\"ListItem\",\"position\":1,\"name\":\"\u2302 Uniguajira\",\"item\":\"https:\/\/uniguajira.edu.co\/\"},{\"@type\":\"ListItem\",\"position\":2,\"name\":\"Uniguajira\",\"item\":\"https:\/\/uniguajira.edu.co\/\"},{\"@type\":\"ListItem\",\"position\":3,\"name\":\"Transparencia\",\"item\":\"https:\/\/uniguajira.edu.co\/universidad-de-la-guajira\/transparencia-y-acceso-a-informacion-publica\/\"},{\"@type\":\"ListItem\",\"position\":4,\"name\":\"Informe de empalme\"}]},{\"@type\":\"WebSite\",\"@id\":\"https:\/\/uniguajira.edu.co\/#website\",\"url\":\"https:\/\/uniguajira.edu.co\/\",\"name\":\"UNIGUAJIRA\",\"description\":\"Descubre la educaci\u00f3n superior con oportunidades laborales, retos estudiantiles y tecnolog\u00eda innovadora. Alcanza el \u00e9xito acad\u00e9mico y explora el impacto social y la diversidad en un entorno de aprendizaje moderno. Ad\u00e1ptate con inteligencia artificial y pr\u00e1cticas profesionales para un crecimiento integral.\",\"publisher\":{\"@id\":\"https:\/\/uniguajira.edu.co\/#organization\"},\"alternateName\":\"Universidad de La Guajira\",\"potentialAction\":[{\"@type\":\"SearchAction\",\"target\":{\"@type\":\"EntryPoint\",\"urlTemplate\":\"https:\/\/uniguajira.edu.co\/?s={search_term_string}\"},\"query-input\":{\"@type\":\"PropertyValueSpecification\",\"valueRequired\":true,\"valueName\":\"search_term_string\"}}],\"inLanguage\":\"en-US\"},{\"@type\":\"Organization\",\"@id\":\"https:\/\/uniguajira.edu.co\/#organization\",\"name\":\"Universidad de La Guajira\",\"alternateName\":\"UNIGUAJIRA\",\"url\":\"https:\/\/uniguajira.edu.co\/\",\"logo\":{\"@type\":\"ImageObject\",\"inLanguage\":\"en-US\",\"@id\":\"https:\/\/uniguajira.edu.co\/#\/schema\/logo\/image\/\",\"url\":\"https:\/\/uniguajira.edu.co\/wp-content\/uploads\/2026\/01\/cropped-cropped-LOGOS-PAGINA-WEB-04-1.webp\",\"contentUrl\":\"https:\/\/uniguajira.edu.co\/wp-content\/uploads\/2026\/01\/cropped-cropped-LOGOS-PAGINA-WEB-04-1.webp\",\"width\":360,\"height\":72,\"caption\":\"Universidad de La Guajira\"},\"image\":{\"@id\":\"https:\/\/uniguajira.edu.co\/#\/schema\/logo\/image\/\"},\"sameAs\":[\"https:\/\/www.facebook.com\/UniLaGuajira\/\",\"https:\/\/x.com\/UniLaGuajira\",\"https:\/\/www.instagram.com\/uniguajira_\/\",\"https:\/\/www.youtube.com\/user\/UniLaGuajira\"]}]}<\/script>\n<!-- \/ Yoast SEO Premium plugin. -->","yoast_head_json":{"title":"Splicing report","robots":{"index":"index","follow":"follow","max-snippet":"max-snippet:-1","max-image-preview":"max-image-preview:large","max-video-preview":"max-video-preview:-1"},"canonical":"https:\/\/uniguajira.edu.co\/en\/universidad-de-la-guajira\/transparencia-y-acceso-a-informacion-publica\/informe-de-empalme\/","og_locale":"en_US","og_type":"article","og_title":"Informe de empalme","og_description":"El Informe de Empalme de la Universidad de La Guajira es un documento estrat\u00e9gico y de transici\u00f3n que juega un papel vital en ... .","og_url":"https:\/\/uniguajira.edu.co\/en\/universidad-de-la-guajira\/transparencia-y-acceso-a-informacion-publica\/informe-de-empalme\/","og_site_name":"Universidad de La Guajira","article_publisher":"https:\/\/www.facebook.com\/UniLaGuajira\/","article_modified_time":"2025-01-31T22:50:25+00:00","og_image":[{"width":1920,"height":590,"url":"https:\/\/uniguajira.edu.co\/wp-content\/uploads\/2024\/01\/transparencia.webp","type":"image\/webp"}],"twitter_card":"summary_large_image","twitter_site":"@UniLaGuajira","twitter_misc":{"Est. reading time":"3 minutes"},"schema":{"@context":"https:\/\/schema.org","@graph":[{"@type":"WebPage","@id":"https:\/\/uniguajira.edu.co\/universidad-de-la-guajira\/transparencia-y-acceso-a-informacion-publica\/informe-de-empalme\/","url":"https:\/\/uniguajira.edu.co\/universidad-de-la-guajira\/transparencia-y-acceso-a-informacion-publica\/informe-de-empalme\/","name":"Splicing report","isPartOf":{"@id":"https:\/\/uniguajira.edu.co\/#website"},"primaryImageOfPage":{"@id":"https:\/\/uniguajira.edu.co\/universidad-de-la-guajira\/transparencia-y-acceso-a-informacion-publica\/informe-de-empalme\/#primaryimage"},"image":{"@id":"https:\/\/uniguajira.edu.co\/universidad-de-la-guajira\/transparencia-y-acceso-a-informacion-publica\/informe-de-empalme\/#primaryimage"},"thumbnailUrl":"https:\/\/uniguajira.edu.co\/wp-content\/uploads\/2024\/01\/transparencia.webp","datePublished":"2024-01-10T16:43:31+00:00","dateModified":"2025-01-31T22:50:25+00:00","breadcrumb":{"@id":"https:\/\/uniguajira.edu.co\/universidad-de-la-guajira\/transparencia-y-acceso-a-informacion-publica\/informe-de-empalme\/#breadcrumb"},"inLanguage":"en-US","potentialAction":[{"@type":"ReadAction","target":["https:\/\/uniguajira.edu.co\/universidad-de-la-guajira\/transparencia-y-acceso-a-informacion-publica\/informe-de-empalme\/"]}]},{"@type":"ImageObject","inLanguage":"en-US","@id":"https:\/\/uniguajira.edu.co\/universidad-de-la-guajira\/transparencia-y-acceso-a-informacion-publica\/informe-de-empalme\/#primaryimage","url":"https:\/\/uniguajira.edu.co\/wp-content\/uploads\/2024\/01\/transparencia.webp","contentUrl":"https:\/\/uniguajira.edu.co\/wp-content\/uploads\/2024\/01\/transparencia.webp","width":1920,"height":590},{"@type":"BreadcrumbList","@id":"https:\/\/uniguajira.edu.co\/universidad-de-la-guajira\/transparencia-y-acceso-a-informacion-publica\/informe-de-empalme\/#breadcrumb","itemListElement":[{"@type":"ListItem","position":1,"name":"\u2302 Uniguajira","item":"https:\/\/uniguajira.edu.co\/"},{"@type":"ListItem","position":2,"name":"Uniguajira","item":"https:\/\/uniguajira.edu.co\/"},{"@type":"ListItem","position":3,"name":"Transparencia","item":"https:\/\/uniguajira.edu.co\/universidad-de-la-guajira\/transparencia-y-acceso-a-informacion-publica\/"},{"@type":"ListItem","position":4,"name":"Informe de empalme"}]},{"@type":"WebSite","@id":"https:\/\/uniguajira.edu.co\/#website","url":"https:\/\/uniguajira.edu.co\/","name":"UNIGUAJIRA","description":"Descubre la educaci\u00f3n superior con oportunidades laborales, retos estudiantiles y tecnolog\u00eda innovadora. Alcanza el \u00e9xito acad\u00e9mico y explora el impacto social y la diversidad en un entorno de aprendizaje moderno. Ad\u00e1ptate con inteligencia artificial y pr\u00e1cticas profesionales para un crecimiento integral.","publisher":{"@id":"https:\/\/uniguajira.edu.co\/#organization"},"alternateName":"Universidad de La Guajira","potentialAction":[{"@type":"SearchAction","target":{"@type":"EntryPoint","urlTemplate":"https:\/\/uniguajira.edu.co\/?s={search_term_string}"},"query-input":{"@type":"PropertyValueSpecification","valueRequired":true,"valueName":"search_term_string"}}],"inLanguage":"en-US"},{"@type":"Organization","@id":"https:\/\/uniguajira.edu.co\/#organization","name":"University of La Guajira","alternateName":"UNIGUAJIRA","url":"https:\/\/uniguajira.edu.co\/","logo":{"@type":"ImageObject","inLanguage":"en-US","@id":"https:\/\/uniguajira.edu.co\/#\/schema\/logo\/image\/","url":"https:\/\/uniguajira.edu.co\/wp-content\/uploads\/2026\/01\/cropped-cropped-LOGOS-PAGINA-WEB-04-1.webp","contentUrl":"https:\/\/uniguajira.edu.co\/wp-content\/uploads\/2026\/01\/cropped-cropped-LOGOS-PAGINA-WEB-04-1.webp","width":360,"height":72,"caption":"Universidad de La Guajira"},"image":{"@id":"https:\/\/uniguajira.edu.co\/#\/schema\/logo\/image\/"},"sameAs":["https:\/\/www.facebook.com\/UniLaGuajira\/","https:\/\/x.com\/UniLaGuajira","https:\/\/www.instagram.com\/uniguajira_\/","https:\/\/www.youtube.com\/user\/UniLaGuajira"]}]}},"_hostinger_reach_plugin_has_subscription_block":false,"_hostinger_reach_plugin_is_elementor":false,"_links":{"self":[{"href":"https:\/\/uniguajira.edu.co\/en\/wp-json\/wp\/v2\/pages\/22696","targetHints":{"allow":["GET"]}}],"collection":[{"href":"https:\/\/uniguajira.edu.co\/en\/wp-json\/wp\/v2\/pages"}],"about":[{"href":"https:\/\/uniguajira.edu.co\/en\/wp-json\/wp\/v2\/types\/page"}],"author":[{"embeddable":true,"href":"https:\/\/uniguajira.edu.co\/en\/wp-json\/wp\/v2\/users\/3"}],"replies":[{"embeddable":true,"href":"https:\/\/uniguajira.edu.co\/en\/wp-json\/wp\/v2\/comments?post=22696"}],"version-history":[{"count":0,"href":"https:\/\/uniguajira.edu.co\/en\/wp-json\/wp\/v2\/pages\/22696\/revisions"}],"up":[{"embeddable":true,"href":"https:\/\/uniguajira.edu.co\/en\/wp-json\/wp\/v2\/pages\/21755"}],"wp:featuredmedia":[{"embeddable":true,"href":"https:\/\/uniguajira.edu.co\/en\/wp-json\/wp\/v2\/media\/24597"}],"wp:attachment":[{"href":"https:\/\/uniguajira.edu.co\/en\/wp-json\/wp\/v2\/media?parent=22696"}],"curies":[{"name":"wp","href":"https:\/\/api.w.org\/{rel}","templated":true}]}}