{"id":22567,"date":"2024-01-10T09:00:59","date_gmt":"2024-01-10T14:00:59","guid":{"rendered":"https:\/\/uniguajira.edu.co\/?page_id=22567"},"modified":"2024-10-02T17:57:38","modified_gmt":"2024-10-02T22:57:38","slug":"politicas-lineamientos-y-manuales","status":"publish","type":"page","link":"https:\/\/uniguajira.edu.co\/en\/universidad-de-la-guajira\/planeacion-institucional\/presentacion-planeacion-institucional-2\/politicas-lineamientos-y-manuales\/","title":{"rendered":"Policies, guidelines and manuals"},"content":{"rendered":"<div class=\"gb-container gb-container-d796b7e0\">\n<div class=\"gb-container gb-container-4d72301d\">\n<div class=\"gb-container gb-container-570b9a30\">\n<div class=\"gb-container gb-container-1db11728\">\n\n<p class=\"gb-headline gb-headline-adab62e1 gb-headline-text\">In this section, the University of La Guajira offers access to its policies, guidelines and manuals, providing transparency and clear guidance on its practices and operating standards. Here, you will find relevant information about the institutional policies and guidelines that govern our academic community. In addition, you will have access to a variety of manuals detailing key procedures and processes at the university. You can also explore our strategic and institutional plans, which outline our long-term vision and goals. Our institution is committed to providing this information in an accessible and understandable manner to ensure greater understanding and participation by our stakeholders and the general public.<\/p>\n\n\n\n<p class=\"gb-headline gb-headline-43c97bec\"><span class=\"gb-icon\"><svg width=\"24\" viewbox=\"0 -960 960 960\" height=\"24\" xmlns=\"http:\/\/www.w3.org\/2000\/svg\"><path d=\"M440-280H280q-83 0-141.5-58.5T80-480q0-83 58.5-141.5T280-680h160v80H280q-50 0-85 35t-35 85q0 50 35 85t85 35h160v80ZM320-440v-80h320v80H320Zm200 160v-80h160q50 0 85-35t35-85q0-50-35-85t-85-35H520v-80h160q83 0 141.5 58.5T880-480q0 83-58.5 141.5T680-280H520Z\"><\/path><\/svg><\/span><span class=\"gb-headline-text\"><a href=\"https:\/\/uniguajira.edu.co\/en\/politicas-y-lineamientos-institucionales\/\">Institutional Policies and Guidelines<\/a><\/span><\/p>\n\n\n\n<p class=\"gb-headline gb-headline-a8934d9e\"><span class=\"gb-icon\"><svg width=\"24\" viewbox=\"0 -960 960 960\" height=\"24\" xmlns=\"http:\/\/www.w3.org\/2000\/svg\"><path d=\"M440-280H280q-83 0-141.5-58.5T80-480q0-83 58.5-141.5T280-680h160v80H280q-50 0-85 35t-35 85q0 50 35 85t85 35h160v80ZM320-440v-80h320v80H320Zm200 160v-80h160q50 0 85-35t35-85q0-50-35-85t-85-35H520v-80h160q83 0 141.5 58.5T880-480q0 83-58.5 141.5T680-280H520Z\"><\/path><\/svg><\/span><span class=\"gb-headline-text\"><a href=\"https:\/\/uniguajira.edu.co\/en\/politicas-y-lineamientos-institucionales\/#manuales\">Manuals<\/a><\/span><\/p>\n\n\n\n<p class=\"gb-headline gb-headline-c9ab7f5c\"><span class=\"gb-icon\"><svg width=\"24\" viewbox=\"0 -960 960 960\" height=\"24\" xmlns=\"http:\/\/www.w3.org\/2000\/svg\"><path d=\"M440-280H280q-83 0-141.5-58.5T80-480q0-83 58.5-141.5T280-680h160v80H280q-50 0-85 35t-35 85q0 50 35 85t85 35h160v80ZM320-440v-80h320v80H320Zm200 160v-80h160q50 0 85-35t35-85q0-50-35-85t-85-35H520v-80h160q83 0 141.5 58.5T880-480q0 83-58.5 141.5T680-280H520Z\"><\/path><\/svg><\/span><span class=\"gb-headline-text\"><a href=\"https:\/\/uniguajira.edu.co\/en\/planes-estrategicos-sectoriales-e-institucionales\/\">Institutional strategic plans<\/a><\/span><\/p>\n\n<\/div>\n<\/div>\n<\/div>\n<\/div>","protected":false},"excerpt":{"rendered":"<p>En esta secci\u00f3n, la Universidad de La Guajira ofrece acceso a sus pol\u00edticas, lineamientos y manuales, brindando transparencia y una gu\u00eda clara sobre &#8230; <a title=\"Policies, guidelines and manuals\" class=\"read-more\" href=\"https:\/\/uniguajira.edu.co\/en\/universidad-de-la-guajira\/planeacion-institucional\/presentacion-planeacion-institucional-2\/politicas-lineamientos-y-manuales\/\" aria-label=\"Read more about Pol\u00edticas, lineamientos y manuales\">.<\/a><\/p>","protected":false},"author":3,"featured_media":24973,"parent":31462,"menu_order":0,"comment_status":"closed","ping_status":"closed","template":"","meta":{"footnotes":""},"class_list":{"0":"post-22567","1":"page","2":"type-page","3":"status-publish","4":"has-post-thumbnail","6":"infinite-scroll-item"},"yoast_head":"<!-- This site is optimized with the Yoast SEO Premium plugin v27.0 (Yoast SEO v27.0) - https:\/\/yoast.com\/product\/yoast-seo-premium-wordpress\/ -->\n<title>Pol\u00edticas, lineamientos y manuales<\/title>\n<meta name=\"robots\" content=\"index, follow, max-snippet:-1, max-image-preview:large, max-video-preview:-1\" \/>\n<link rel=\"canonical\" href=\"https:\/\/uniguajira.edu.co\/en\/universidad-de-la-guajira\/planeacion-institucional\/presentacion-planeacion-institucional-2\/politicas-lineamientos-y-manuales\/\" \/>\n<meta property=\"og:locale\" content=\"en_US\" \/>\n<meta property=\"og:type\" content=\"article\" \/>\n<meta property=\"og:title\" content=\"Pol\u00edticas, lineamientos y manuales\" \/>\n<meta property=\"og:description\" content=\"En esta secci\u00f3n, la Universidad de La Guajira ofrece acceso a sus pol\u00edticas, lineamientos y manuales, brindando transparencia y una gu\u00eda clara sobre ... .\" \/>\n<meta property=\"og:url\" content=\"https:\/\/uniguajira.edu.co\/en\/universidad-de-la-guajira\/planeacion-institucional\/presentacion-planeacion-institucional-2\/politicas-lineamientos-y-manuales\/\" \/>\n<meta property=\"og:site_name\" content=\"Universidad de La Guajira\" \/>\n<meta property=\"article:publisher\" content=\"https:\/\/www.facebook.com\/UniLaGuajira\/\" \/>\n<meta property=\"article:modified_time\" content=\"2024-10-02T22:57:38+00:00\" \/>\n<meta property=\"og:image\" content=\"https:\/\/uniguajira.edu.co\/wp-content\/uploads\/2024\/01\/bannerplaneacion.webp\" \/>\n\t<meta property=\"og:image:width\" content=\"1920\" \/>\n\t<meta property=\"og:image:height\" content=\"590\" \/>\n\t<meta property=\"og:image:type\" content=\"image\/webp\" \/>\n<meta name=\"twitter:card\" content=\"summary_large_image\" \/>\n<meta name=\"twitter:site\" content=\"@UniLaGuajira\" \/>\n<meta name=\"twitter:label1\" content=\"Est. reading time\" \/>\n\t<meta name=\"twitter:data1\" content=\"1 minute\" \/>\n<script type=\"application\/ld+json\" class=\"yoast-schema-graph\">{\"@context\":\"https:\/\/schema.org\",\"@graph\":[{\"@type\":\"WebPage\",\"@id\":\"https:\/\/uniguajira.edu.co\/en\/universidad-de-la-guajira\/planeacion-institucional\/presentacion-planeacion-institucional-2\/politicas-lineamientos-y-manuales\/\",\"url\":\"https:\/\/uniguajira.edu.co\/en\/universidad-de-la-guajira\/planeacion-institucional\/presentacion-planeacion-institucional-2\/politicas-lineamientos-y-manuales\/\",\"name\":\"Pol\u00edticas, lineamientos y manuales\",\"isPartOf\":{\"@id\":\"https:\/\/uniguajira.edu.co\/#website\"},\"primaryImageOfPage\":{\"@id\":\"https:\/\/uniguajira.edu.co\/en\/universidad-de-la-guajira\/planeacion-institucional\/presentacion-planeacion-institucional-2\/politicas-lineamientos-y-manuales\/#primaryimage\"},\"image\":{\"@id\":\"https:\/\/uniguajira.edu.co\/en\/universidad-de-la-guajira\/planeacion-institucional\/presentacion-planeacion-institucional-2\/politicas-lineamientos-y-manuales\/#primaryimage\"},\"thumbnailUrl\":\"https:\/\/uniguajira.edu.co\/wp-content\/uploads\/2024\/01\/bannerplaneacion.webp\",\"datePublished\":\"2024-01-10T14:00:59+00:00\",\"dateModified\":\"2024-10-02T22:57:38+00:00\",\"breadcrumb\":{\"@id\":\"https:\/\/uniguajira.edu.co\/en\/universidad-de-la-guajira\/planeacion-institucional\/presentacion-planeacion-institucional-2\/politicas-lineamientos-y-manuales\/#breadcrumb\"},\"inLanguage\":\"en-US\",\"potentialAction\":[{\"@type\":\"ReadAction\",\"target\":[\"https:\/\/uniguajira.edu.co\/en\/universidad-de-la-guajira\/planeacion-institucional\/presentacion-planeacion-institucional-2\/politicas-lineamientos-y-manuales\/\"]}]},{\"@type\":\"ImageObject\",\"inLanguage\":\"en-US\",\"@id\":\"https:\/\/uniguajira.edu.co\/en\/universidad-de-la-guajira\/planeacion-institucional\/presentacion-planeacion-institucional-2\/politicas-lineamientos-y-manuales\/#primaryimage\",\"url\":\"https:\/\/uniguajira.edu.co\/wp-content\/uploads\/2024\/01\/bannerplaneacion.webp\",\"contentUrl\":\"https:\/\/uniguajira.edu.co\/wp-content\/uploads\/2024\/01\/bannerplaneacion.webp\",\"width\":1920,\"height\":590},{\"@type\":\"BreadcrumbList\",\"@id\":\"https:\/\/uniguajira.edu.co\/en\/universidad-de-la-guajira\/planeacion-institucional\/presentacion-planeacion-institucional-2\/politicas-lineamientos-y-manuales\/#breadcrumb\",\"itemListElement\":[{\"@type\":\"ListItem\",\"position\":1,\"name\":\"\u2302 Uniguajira\",\"item\":\"https:\/\/uniguajira.edu.co\/\"},{\"@type\":\"ListItem\",\"position\":2,\"name\":\"Uniguajira\",\"item\":\"https:\/\/uniguajira.edu.co\/\"},{\"@type\":\"ListItem\",\"position\":3,\"name\":\"Planeaci\u00f3n Institucional\",\"item\":\"https:\/\/uniguajira.edu.co\/universidad-de-la-guajira\/planeacion-institucional\/\"},{\"@type\":\"ListItem\",\"position\":4,\"name\":\"Presentaci\u00f3n\",\"item\":\"https:\/\/uniguajira.edu.co\/en\/universidad-de-la-guajira\/planeacion-institucional\/presentacion-planeacion-institucional-2\/\"},{\"@type\":\"ListItem\",\"position\":5,\"name\":\"Pol\u00edticas, lineamientos y manuales\"}]},{\"@type\":\"WebSite\",\"@id\":\"https:\/\/uniguajira.edu.co\/#website\",\"url\":\"https:\/\/uniguajira.edu.co\/\",\"name\":\"UNIGUAJIRA\",\"description\":\"Descubre la educaci\u00f3n superior con oportunidades laborales, retos estudiantiles y tecnolog\u00eda innovadora. Alcanza el \u00e9xito acad\u00e9mico y explora el impacto social y la diversidad en un entorno de aprendizaje moderno. Ad\u00e1ptate con inteligencia artificial y pr\u00e1cticas profesionales para un crecimiento integral.\",\"publisher\":{\"@id\":\"https:\/\/uniguajira.edu.co\/#organization\"},\"alternateName\":\"Universidad de La Guajira\",\"potentialAction\":[{\"@type\":\"SearchAction\",\"target\":{\"@type\":\"EntryPoint\",\"urlTemplate\":\"https:\/\/uniguajira.edu.co\/?s={search_term_string}\"},\"query-input\":{\"@type\":\"PropertyValueSpecification\",\"valueRequired\":true,\"valueName\":\"search_term_string\"}}],\"inLanguage\":\"en-US\"},{\"@type\":\"Organization\",\"@id\":\"https:\/\/uniguajira.edu.co\/#organization\",\"name\":\"Universidad de La Guajira\",\"alternateName\":\"UNIGUAJIRA\",\"url\":\"https:\/\/uniguajira.edu.co\/\",\"logo\":{\"@type\":\"ImageObject\",\"inLanguage\":\"en-US\",\"@id\":\"https:\/\/uniguajira.edu.co\/#\/schema\/logo\/image\/\",\"url\":\"https:\/\/uniguajira.edu.co\/wp-content\/uploads\/2026\/01\/cropped-cropped-LOGOS-PAGINA-WEB-04-1.webp\",\"contentUrl\":\"https:\/\/uniguajira.edu.co\/wp-content\/uploads\/2026\/01\/cropped-cropped-LOGOS-PAGINA-WEB-04-1.webp\",\"width\":360,\"height\":72,\"caption\":\"Universidad de La Guajira\"},\"image\":{\"@id\":\"https:\/\/uniguajira.edu.co\/#\/schema\/logo\/image\/\"},\"sameAs\":[\"https:\/\/www.facebook.com\/UniLaGuajira\/\",\"https:\/\/x.com\/UniLaGuajira\",\"https:\/\/www.instagram.com\/uniguajira_\/\",\"https:\/\/www.youtube.com\/user\/UniLaGuajira\"]}]}<\/script>\n<!-- \/ Yoast SEO Premium plugin. -->","yoast_head_json":{"title":"Policies, guidelines and manuals","robots":{"index":"index","follow":"follow","max-snippet":"max-snippet:-1","max-image-preview":"max-image-preview:large","max-video-preview":"max-video-preview:-1"},"canonical":"https:\/\/uniguajira.edu.co\/en\/universidad-de-la-guajira\/planeacion-institucional\/presentacion-planeacion-institucional-2\/politicas-lineamientos-y-manuales\/","og_locale":"en_US","og_type":"article","og_title":"Pol\u00edticas, lineamientos y manuales","og_description":"En esta secci\u00f3n, la Universidad de La Guajira ofrece acceso a sus pol\u00edticas, lineamientos y manuales, brindando transparencia y una gu\u00eda clara sobre ... .","og_url":"https:\/\/uniguajira.edu.co\/en\/universidad-de-la-guajira\/planeacion-institucional\/presentacion-planeacion-institucional-2\/politicas-lineamientos-y-manuales\/","og_site_name":"Universidad de La Guajira","article_publisher":"https:\/\/www.facebook.com\/UniLaGuajira\/","article_modified_time":"2024-10-02T22:57:38+00:00","og_image":[{"width":1920,"height":590,"url":"https:\/\/uniguajira.edu.co\/wp-content\/uploads\/2024\/01\/bannerplaneacion.webp","type":"image\/webp"}],"twitter_card":"summary_large_image","twitter_site":"@UniLaGuajira","twitter_misc":{"Est. reading time":"1 minute"},"schema":{"@context":"https:\/\/schema.org","@graph":[{"@type":"WebPage","@id":"https:\/\/uniguajira.edu.co\/en\/universidad-de-la-guajira\/planeacion-institucional\/presentacion-planeacion-institucional-2\/politicas-lineamientos-y-manuales\/","url":"https:\/\/uniguajira.edu.co\/en\/universidad-de-la-guajira\/planeacion-institucional\/presentacion-planeacion-institucional-2\/politicas-lineamientos-y-manuales\/","name":"Policies, guidelines and manuals","isPartOf":{"@id":"https:\/\/uniguajira.edu.co\/#website"},"primaryImageOfPage":{"@id":"https:\/\/uniguajira.edu.co\/en\/universidad-de-la-guajira\/planeacion-institucional\/presentacion-planeacion-institucional-2\/politicas-lineamientos-y-manuales\/#primaryimage"},"image":{"@id":"https:\/\/uniguajira.edu.co\/en\/universidad-de-la-guajira\/planeacion-institucional\/presentacion-planeacion-institucional-2\/politicas-lineamientos-y-manuales\/#primaryimage"},"thumbnailUrl":"https:\/\/uniguajira.edu.co\/wp-content\/uploads\/2024\/01\/bannerplaneacion.webp","datePublished":"2024-01-10T14:00:59+00:00","dateModified":"2024-10-02T22:57:38+00:00","breadcrumb":{"@id":"https:\/\/uniguajira.edu.co\/en\/universidad-de-la-guajira\/planeacion-institucional\/presentacion-planeacion-institucional-2\/politicas-lineamientos-y-manuales\/#breadcrumb"},"inLanguage":"en-US","potentialAction":[{"@type":"ReadAction","target":["https:\/\/uniguajira.edu.co\/en\/universidad-de-la-guajira\/planeacion-institucional\/presentacion-planeacion-institucional-2\/politicas-lineamientos-y-manuales\/"]}]},{"@type":"ImageObject","inLanguage":"en-US","@id":"https:\/\/uniguajira.edu.co\/en\/universidad-de-la-guajira\/planeacion-institucional\/presentacion-planeacion-institucional-2\/politicas-lineamientos-y-manuales\/#primaryimage","url":"https:\/\/uniguajira.edu.co\/wp-content\/uploads\/2024\/01\/bannerplaneacion.webp","contentUrl":"https:\/\/uniguajira.edu.co\/wp-content\/uploads\/2024\/01\/bannerplaneacion.webp","width":1920,"height":590},{"@type":"BreadcrumbList","@id":"https:\/\/uniguajira.edu.co\/en\/universidad-de-la-guajira\/planeacion-institucional\/presentacion-planeacion-institucional-2\/politicas-lineamientos-y-manuales\/#breadcrumb","itemListElement":[{"@type":"ListItem","position":1,"name":"\u2302 Uniguajira","item":"https:\/\/uniguajira.edu.co\/"},{"@type":"ListItem","position":2,"name":"Uniguajira","item":"https:\/\/uniguajira.edu.co\/"},{"@type":"ListItem","position":3,"name":"Planeaci\u00f3n Institucional","item":"https:\/\/uniguajira.edu.co\/universidad-de-la-guajira\/planeacion-institucional\/"},{"@type":"ListItem","position":4,"name":"Presentaci\u00f3n","item":"https:\/\/uniguajira.edu.co\/en\/universidad-de-la-guajira\/planeacion-institucional\/presentacion-planeacion-institucional-2\/"},{"@type":"ListItem","position":5,"name":"Pol\u00edticas, lineamientos y manuales"}]},{"@type":"WebSite","@id":"https:\/\/uniguajira.edu.co\/#website","url":"https:\/\/uniguajira.edu.co\/","name":"UNIGUAJIRA","description":"Descubre la educaci\u00f3n superior con oportunidades laborales, retos estudiantiles y tecnolog\u00eda innovadora. Alcanza el \u00e9xito acad\u00e9mico y explora el impacto social y la diversidad en un entorno de aprendizaje moderno. Ad\u00e1ptate con inteligencia artificial y pr\u00e1cticas profesionales para un crecimiento integral.","publisher":{"@id":"https:\/\/uniguajira.edu.co\/#organization"},"alternateName":"Universidad de La Guajira","potentialAction":[{"@type":"SearchAction","target":{"@type":"EntryPoint","urlTemplate":"https:\/\/uniguajira.edu.co\/?s={search_term_string}"},"query-input":{"@type":"PropertyValueSpecification","valueRequired":true,"valueName":"search_term_string"}}],"inLanguage":"en-US"},{"@type":"Organization","@id":"https:\/\/uniguajira.edu.co\/#organization","name":"University of La Guajira","alternateName":"UNIGUAJIRA","url":"https:\/\/uniguajira.edu.co\/","logo":{"@type":"ImageObject","inLanguage":"en-US","@id":"https:\/\/uniguajira.edu.co\/#\/schema\/logo\/image\/","url":"https:\/\/uniguajira.edu.co\/wp-content\/uploads\/2026\/01\/cropped-cropped-LOGOS-PAGINA-WEB-04-1.webp","contentUrl":"https:\/\/uniguajira.edu.co\/wp-content\/uploads\/2026\/01\/cropped-cropped-LOGOS-PAGINA-WEB-04-1.webp","width":360,"height":72,"caption":"Universidad de La Guajira"},"image":{"@id":"https:\/\/uniguajira.edu.co\/#\/schema\/logo\/image\/"},"sameAs":["https:\/\/www.facebook.com\/UniLaGuajira\/","https:\/\/x.com\/UniLaGuajira","https:\/\/www.instagram.com\/uniguajira_\/","https:\/\/www.youtube.com\/user\/UniLaGuajira"]}]}},"_hostinger_reach_plugin_has_subscription_block":false,"_hostinger_reach_plugin_is_elementor":false,"_links":{"self":[{"href":"https:\/\/uniguajira.edu.co\/en\/wp-json\/wp\/v2\/pages\/22567","targetHints":{"allow":["GET"]}}],"collection":[{"href":"https:\/\/uniguajira.edu.co\/en\/wp-json\/wp\/v2\/pages"}],"about":[{"href":"https:\/\/uniguajira.edu.co\/en\/wp-json\/wp\/v2\/types\/page"}],"author":[{"embeddable":true,"href":"https:\/\/uniguajira.edu.co\/en\/wp-json\/wp\/v2\/users\/3"}],"replies":[{"embeddable":true,"href":"https:\/\/uniguajira.edu.co\/en\/wp-json\/wp\/v2\/comments?post=22567"}],"version-history":[{"count":0,"href":"https:\/\/uniguajira.edu.co\/en\/wp-json\/wp\/v2\/pages\/22567\/revisions"}],"up":[{"embeddable":true,"href":"https:\/\/uniguajira.edu.co\/en\/wp-json\/wp\/v2\/pages\/31462"}],"wp:featuredmedia":[{"embeddable":true,"href":"https:\/\/uniguajira.edu.co\/en\/wp-json\/wp\/v2\/media\/24973"}],"wp:attachment":[{"href":"https:\/\/uniguajira.edu.co\/en\/wp-json\/wp\/v2\/media?parent=22567"}],"curies":[{"name":"wp","href":"https:\/\/api.w.org\/{rel}","templated":true}]}}