{"id":106802,"date":"2026-03-12T18:50:29","date_gmt":"2026-03-12T23:50:29","guid":{"rendered":"https:\/\/uniguajira.edu.co\/?page_id=106802"},"modified":"2026-03-14T08:23:15","modified_gmt":"2026-03-14T13:23:15","slug":"notificaciones-de-respuestas-a-pqrsdf-anonimas","status":"publish","type":"page","link":"https:\/\/uniguajira.edu.co\/en\/universidad-de-la-guajira\/atencion-y-servicios-a-la-ciudadania\/notificaciones-de-respuestas-a-pqrsdf-anonimas\/","title":{"rendered":"Notificaciones de respuestas a PQRSDF an\u00f3nimas"},"content":{"rendered":"<div class=\"gb-container gb-container-d796b7e0\">\n<div class=\"gb-container gb-container-4d72301d\">\n<div class=\"gb-container gb-container-570b9a30\">\n<div class=\"gb-container gb-container-1db11728\">\n\n<p class=\"gb-headline gb-headline-adab62e1 gb-headline-text\">De conformidad con el Art\u00edculo 69 de la Ley 1437 de 2011, cuando se desconozca la informaci\u00f3n sobre el destinatario de una solicitud, la respuesta a su Petici\u00f3n, Queja, Reclamo, Sugerencia, denuncia o Felicitaci\u00f3n se publicar\u00e1 en la p\u00e1gina web por el t\u00e9rmino de cinco (5) d\u00edas, con la advertencia de que la notificaci\u00f3n se considerar\u00e1 efectuada al finalizar el d\u00eda siguiente. No obstante, la respuesta quedar\u00e1 registrada en la publicaci\u00f3n para su consulta.<\/p>\n\n\n\n<p class=\"gb-headline gb-headline-596d0b3c gb-headline-text\">Aqu\u00ed presentamos las respuestas a dichas solicitudes las cuales no pudieron ser entregadas directamente a sus solicitantes, por no proporcionar datos para su env\u00edo:<\/p>\n\n\n\n<p class=\"gb-headline gb-headline-7a71094c\"><span class=\"gb-icon\"><svg aria-hidden=\"true\" role=\"img\" height=\"1em\" width=\"1em\" viewbox=\"0 0 448 512\" xmlns=\"http:\/\/www.w3.org\/2000\/svg\"><path fill=\"currentColor\" d=\"M148 288h-40c-6.6 0-12-5.4-12-12v-40c0-6.6 5.4-12 12-12h40c6.6 0 12 5.4 12 12v40c0 6.6-5.4 12-12 12zm108-12v-40c0-6.6-5.4-12-12-12h-40c-6.6 0-12 5.4-12 12v40c0 6.6 5.4 12 12 12h40c6.6 0 12-5.4 12-12zm96 0v-40c0-6.6-5.4-12-12-12h-40c-6.6 0-12 5.4-12 12v40c0 6.6 5.4 12 12 12h40c6.6 0 12-5.4 12-12zm-96 96v-40c0-6.6-5.4-12-12-12h-40c-6.6 0-12 5.4-12 12v40c0 6.6 5.4 12 12 12h40c6.6 0 12-5.4 12-12zm-96 0v-40c0-6.6-5.4-12-12-12h-40c-6.6 0-12 5.4-12 12v40c0 6.6 5.4 12 12 12h40c6.6 0 12-5.4 12-12zm192 0v-40c0-6.6-5.4-12-12-12h-40c-6.6 0-12 5.4-12 12v40c0 6.6 5.4 12 12 12h40c6.6 0 12-5.4 12-12zm96-260v352c0 26.5-21.5 48-48 48H48c-26.5 0-48-21.5-48-48V112c0-26.5 21.5-48 48-48h48V12c0-6.6 5.4-12 12-12h40c6.6 0 12 5.4 12 12v52h128V12c0-6.6 5.4-12 12-12h40c6.6 0 12 5.4 12 12v52h48c26.5 0 48 21.5 48 48zm-48 346V160H48v298c0 3.3 2.7 6 6 6h340c3.3 0 6-2.7 6-6z\"><\/path><\/svg><\/span><span class=\"gb-headline-text\"><strong>2026<\/strong><\/span><\/p>\n\n\n\n<p class=\"gb-headline gb-headline-d2e73c05\"><span class=\"gb-icon\"><svg width=\"24\" viewbox=\"0 -960 960 960\" height=\"24\" xmlns=\"http:\/\/www.w3.org\/2000\/svg\"><path d=\"M360-460h40v-80h40q17 0 28.5-11.5T480-580v-40q0-17-11.5-28.5T440-660h-80v200Zm40-120v-40h40v40h-40Zm120 120h80q17 0 28.5-11.5T640-500v-120q0-17-11.5-28.5T600-660h-80v200Zm40-40v-120h40v120h-40Zm120 40h40v-80h40v-40h-40v-40h40v-40h-80v200ZM320-240q-33 0-56.5-23.5T240-320v-480q0-33 23.5-56.5T320-880h480q33 0 56.5 23.5T880-800v480q0 33-23.5 56.5T800-240H320Zm0-80h480v-480H320v480ZM160-80q-33 0-56.5-23.5T80-160v-560h80v560h560v80H160Zm160-720v480-480Z\"><\/path><\/svg><\/span><span class=\"gb-headline-text\"><strong><a href=\"https:\/\/drive.google.com\/file\/d\/1M4oP-xBaV5GjM59y-iDS3cSGF6rtUUdN\/view?usp=sharing\" target=\"_blank\" rel=\"noreferrer noopener\">Acta y respuesta final a PQRSDF An\u00f3nimo Nro. radicado 2025102325529<\/a><\/strong><\/span><\/p>\n\n\n<div class=\"gb-container gb-container-2dc5377f\">\n\n<a class=\"gb-button gb-button-6c3e5f84\" href=\"https:\/\/gunig2.uniguajira.edu.co\/ords\/f?p=103:1::::\" target=\"_blank\" rel=\"noopener noreferrer\" aria-label=\"Presiona aqu\u00ed\"><span class=\"gb-icon\"><svg fill=\"#e8eaed\" width=\"24px\" viewbox=\"0 -960 960 960\" height=\"24px\" xmlns=\"http:\/\/www.w3.org\/2000\/svg\"><path d=\"M40-480v-80h80v80H40Zm800 0v-80h80v80h-80ZM40-640v-80h80v80H40Zm800 0v-80h80v80h-80ZM40-800v-80h80v80H40Zm160 320v-80h80v80h-80Zm480 0v-80h80v80h-80Zm160-320v-80h80v80h-80Zm-640 0v-80h80v80h-80Zm160 0v-80h80v80h-80Zm160 0v-80h80v80h-80Zm160 0v-80h80v80h-80ZM473-40q-24 0-46-9t-39-26L184-280l33-34q14-14 34-19t40 0l69 20v-327q0-17 11.5-28.5T400-680q17 0 28.5 11.5T440-640v433l-98-28 103 103q6 6 13 9t15 3h167q33 0 56.5-23.5T720-200v-160q0-17 11.5-28.5T760-400q17 0 28.5 11.5T800-360v160q0 66-47 113T640-40H473Zm7-280v-160q0-17 11.5-28.5T520-520q17 0 28.5 11.5T560-480v160h-80Zm120 0v-120q0-17 11.5-28.5T640-480q17 0 28.5 11.5T680-440v120h-80Zm40 200H445h195Z\"><\/path><\/svg><\/span><span class=\"gb-button-text\">Consulta de respuesta a PQRSDF an\u00f3nimas<\/span><\/a>\n\n<\/div>\n<\/div>\n<\/div>\n<\/div>\n<\/div>","protected":false},"excerpt":{"rendered":"<p>De conformidad con el Art\u00edculo 69 de la Ley 1437 de 2011, cuando se desconozca la informaci\u00f3n sobre el destinatario de una solicitud, &#8230; <a title=\"Notificaciones de respuestas a PQRSDF an\u00f3nimas\" class=\"read-more\" href=\"https:\/\/uniguajira.edu.co\/en\/universidad-de-la-guajira\/atencion-y-servicios-a-la-ciudadania\/notificaciones-de-respuestas-a-pqrsdf-anonimas\/\" aria-label=\"Read more about Notificaciones de respuestas a PQRSDF an\u00f3nimas\">.<\/a><\/p>","protected":false},"author":3,"featured_media":25063,"parent":22346,"menu_order":0,"comment_status":"closed","ping_status":"closed","template":"","meta":{"footnotes":""},"class_list":{"0":"post-106802","1":"page","2":"type-page","3":"status-publish","4":"has-post-thumbnail","6":"infinite-scroll-item"},"yoast_head":"<!-- This site is optimized with the Yoast SEO Premium plugin v27.0 (Yoast SEO v27.0) - https:\/\/yoast.com\/product\/yoast-seo-premium-wordpress\/ -->\n<title>Notificaciones de respuestas a PQRSDF an\u00f3nimas<\/title>\n<meta name=\"robots\" content=\"index, follow, max-snippet:-1, max-image-preview:large, max-video-preview:-1\" \/>\n<link rel=\"canonical\" href=\"https:\/\/uniguajira.edu.co\/en\/universidad-de-la-guajira\/atencion-y-servicios-a-la-ciudadania\/notificaciones-de-respuestas-a-pqrsdf-anonimas\/\" \/>\n<meta property=\"og:locale\" content=\"en_US\" \/>\n<meta property=\"og:type\" content=\"article\" \/>\n<meta property=\"og:title\" content=\"Notificaciones de respuestas a PQRSDF an\u00f3nimas\" \/>\n<meta property=\"og:description\" content=\"De conformidad con el Art\u00edculo 69 de la Ley 1437 de 2011, cuando se desconozca la informaci\u00f3n sobre el destinatario de una solicitud, ... .\" \/>\n<meta property=\"og:url\" content=\"https:\/\/uniguajira.edu.co\/en\/universidad-de-la-guajira\/atencion-y-servicios-a-la-ciudadania\/notificaciones-de-respuestas-a-pqrsdf-anonimas\/\" \/>\n<meta property=\"og:site_name\" content=\"Universidad de La Guajira\" \/>\n<meta property=\"article:publisher\" content=\"https:\/\/www.facebook.com\/UniLaGuajira\/\" \/>\n<meta property=\"article:modified_time\" content=\"2026-03-14T13:23:15+00:00\" \/>\n<meta property=\"og:image\" content=\"https:\/\/uniguajira.edu.co\/wp-content\/uploads\/2024\/01\/bannercontratacion.webp\" \/>\n\t<meta property=\"og:image:width\" content=\"1920\" \/>\n\t<meta property=\"og:image:height\" content=\"590\" \/>\n\t<meta property=\"og:image:type\" content=\"image\/webp\" \/>\n<meta name=\"twitter:card\" content=\"summary_large_image\" \/>\n<meta name=\"twitter:site\" content=\"@UniLaGuajira\" \/>\n<meta name=\"twitter:label1\" content=\"Est. reading time\" \/>\n\t<meta name=\"twitter:data1\" content=\"1 minute\" \/>\n<script type=\"application\/ld+json\" class=\"yoast-schema-graph\">{\"@context\":\"https:\/\/schema.org\",\"@graph\":[{\"@type\":\"WebPage\",\"@id\":\"https:\/\/uniguajira.edu.co\/universidad-de-la-guajira\/atencion-y-servicios-a-la-ciudadania\/notificaciones-de-respuestas-a-pqrsdf-anonimas\/\",\"url\":\"https:\/\/uniguajira.edu.co\/universidad-de-la-guajira\/atencion-y-servicios-a-la-ciudadania\/notificaciones-de-respuestas-a-pqrsdf-anonimas\/\",\"name\":\"Notificaciones de respuestas a PQRSDF an\u00f3nimas\",\"isPartOf\":{\"@id\":\"https:\/\/uniguajira.edu.co\/#website\"},\"primaryImageOfPage\":{\"@id\":\"https:\/\/uniguajira.edu.co\/universidad-de-la-guajira\/atencion-y-servicios-a-la-ciudadania\/notificaciones-de-respuestas-a-pqrsdf-anonimas\/#primaryimage\"},\"image\":{\"@id\":\"https:\/\/uniguajira.edu.co\/universidad-de-la-guajira\/atencion-y-servicios-a-la-ciudadania\/notificaciones-de-respuestas-a-pqrsdf-anonimas\/#primaryimage\"},\"thumbnailUrl\":\"https:\/\/uniguajira.edu.co\/wp-content\/uploads\/2024\/01\/bannercontratacion.webp\",\"datePublished\":\"2026-03-12T23:50:29+00:00\",\"dateModified\":\"2026-03-14T13:23:15+00:00\",\"breadcrumb\":{\"@id\":\"https:\/\/uniguajira.edu.co\/universidad-de-la-guajira\/atencion-y-servicios-a-la-ciudadania\/notificaciones-de-respuestas-a-pqrsdf-anonimas\/#breadcrumb\"},\"inLanguage\":\"en-US\",\"potentialAction\":[{\"@type\":\"ReadAction\",\"target\":[\"https:\/\/uniguajira.edu.co\/universidad-de-la-guajira\/atencion-y-servicios-a-la-ciudadania\/notificaciones-de-respuestas-a-pqrsdf-anonimas\/\"]}]},{\"@type\":\"ImageObject\",\"inLanguage\":\"en-US\",\"@id\":\"https:\/\/uniguajira.edu.co\/universidad-de-la-guajira\/atencion-y-servicios-a-la-ciudadania\/notificaciones-de-respuestas-a-pqrsdf-anonimas\/#primaryimage\",\"url\":\"https:\/\/uniguajira.edu.co\/wp-content\/uploads\/2024\/01\/bannercontratacion.webp\",\"contentUrl\":\"https:\/\/uniguajira.edu.co\/wp-content\/uploads\/2024\/01\/bannercontratacion.webp\",\"width\":1920,\"height\":590},{\"@type\":\"BreadcrumbList\",\"@id\":\"https:\/\/uniguajira.edu.co\/universidad-de-la-guajira\/atencion-y-servicios-a-la-ciudadania\/notificaciones-de-respuestas-a-pqrsdf-anonimas\/#breadcrumb\",\"itemListElement\":[{\"@type\":\"ListItem\",\"position\":1,\"name\":\"\u2302 Uniguajira\",\"item\":\"https:\/\/uniguajira.edu.co\/\"},{\"@type\":\"ListItem\",\"position\":2,\"name\":\"Uniguajira\",\"item\":\"https:\/\/uniguajira.edu.co\/\"},{\"@type\":\"ListItem\",\"position\":3,\"name\":\"Atenci\u00f3n y servicios a la ciudadan\u00eda\",\"item\":\"https:\/\/uniguajira.edu.co\/universidad-de-la-guajira\/atencion-y-servicios-a-la-ciudadania\/\"},{\"@type\":\"ListItem\",\"position\":4,\"name\":\"Notificaciones de respuestas a PQRSDF an\u00f3nimas\"}]},{\"@type\":\"WebSite\",\"@id\":\"https:\/\/uniguajira.edu.co\/#website\",\"url\":\"https:\/\/uniguajira.edu.co\/\",\"name\":\"UNIGUAJIRA\",\"description\":\"Descubre la educaci\u00f3n superior con oportunidades laborales, retos estudiantiles y tecnolog\u00eda innovadora. Alcanza el \u00e9xito acad\u00e9mico y explora el impacto social y la diversidad en un entorno de aprendizaje moderno. Ad\u00e1ptate con inteligencia artificial y pr\u00e1cticas profesionales para un crecimiento integral.\",\"publisher\":{\"@id\":\"https:\/\/uniguajira.edu.co\/#organization\"},\"alternateName\":\"Universidad de La Guajira\",\"potentialAction\":[{\"@type\":\"SearchAction\",\"target\":{\"@type\":\"EntryPoint\",\"urlTemplate\":\"https:\/\/uniguajira.edu.co\/?s={search_term_string}\"},\"query-input\":{\"@type\":\"PropertyValueSpecification\",\"valueRequired\":true,\"valueName\":\"search_term_string\"}}],\"inLanguage\":\"en-US\"},{\"@type\":\"Organization\",\"@id\":\"https:\/\/uniguajira.edu.co\/#organization\",\"name\":\"Universidad de La Guajira\",\"alternateName\":\"UNIGUAJIRA\",\"url\":\"https:\/\/uniguajira.edu.co\/\",\"logo\":{\"@type\":\"ImageObject\",\"inLanguage\":\"en-US\",\"@id\":\"https:\/\/uniguajira.edu.co\/#\/schema\/logo\/image\/\",\"url\":\"https:\/\/uniguajira.edu.co\/wp-content\/uploads\/2026\/01\/cropped-cropped-LOGOS-PAGINA-WEB-04-1.webp\",\"contentUrl\":\"https:\/\/uniguajira.edu.co\/wp-content\/uploads\/2026\/01\/cropped-cropped-LOGOS-PAGINA-WEB-04-1.webp\",\"width\":360,\"height\":72,\"caption\":\"Universidad de La Guajira\"},\"image\":{\"@id\":\"https:\/\/uniguajira.edu.co\/#\/schema\/logo\/image\/\"},\"sameAs\":[\"https:\/\/www.facebook.com\/UniLaGuajira\/\",\"https:\/\/x.com\/UniLaGuajira\",\"https:\/\/www.instagram.com\/uniguajira_\/\",\"https:\/\/www.youtube.com\/user\/UniLaGuajira\"]}]}<\/script>\n<!-- \/ Yoast SEO Premium plugin. -->","yoast_head_json":{"title":"Notificaciones de respuestas a PQRSDF an\u00f3nimas","robots":{"index":"index","follow":"follow","max-snippet":"max-snippet:-1","max-image-preview":"max-image-preview:large","max-video-preview":"max-video-preview:-1"},"canonical":"https:\/\/uniguajira.edu.co\/en\/universidad-de-la-guajira\/atencion-y-servicios-a-la-ciudadania\/notificaciones-de-respuestas-a-pqrsdf-anonimas\/","og_locale":"en_US","og_type":"article","og_title":"Notificaciones de respuestas a PQRSDF an\u00f3nimas","og_description":"De conformidad con el Art\u00edculo 69 de la Ley 1437 de 2011, cuando se desconozca la informaci\u00f3n sobre el destinatario de una solicitud, ... .","og_url":"https:\/\/uniguajira.edu.co\/en\/universidad-de-la-guajira\/atencion-y-servicios-a-la-ciudadania\/notificaciones-de-respuestas-a-pqrsdf-anonimas\/","og_site_name":"Universidad de La Guajira","article_publisher":"https:\/\/www.facebook.com\/UniLaGuajira\/","article_modified_time":"2026-03-14T13:23:15+00:00","og_image":[{"width":1920,"height":590,"url":"https:\/\/uniguajira.edu.co\/wp-content\/uploads\/2024\/01\/bannercontratacion.webp","type":"image\/webp"}],"twitter_card":"summary_large_image","twitter_site":"@UniLaGuajira","twitter_misc":{"Est. reading time":"1 minute"},"schema":{"@context":"https:\/\/schema.org","@graph":[{"@type":"WebPage","@id":"https:\/\/uniguajira.edu.co\/universidad-de-la-guajira\/atencion-y-servicios-a-la-ciudadania\/notificaciones-de-respuestas-a-pqrsdf-anonimas\/","url":"https:\/\/uniguajira.edu.co\/universidad-de-la-guajira\/atencion-y-servicios-a-la-ciudadania\/notificaciones-de-respuestas-a-pqrsdf-anonimas\/","name":"Notificaciones de respuestas a PQRSDF an\u00f3nimas","isPartOf":{"@id":"https:\/\/uniguajira.edu.co\/#website"},"primaryImageOfPage":{"@id":"https:\/\/uniguajira.edu.co\/universidad-de-la-guajira\/atencion-y-servicios-a-la-ciudadania\/notificaciones-de-respuestas-a-pqrsdf-anonimas\/#primaryimage"},"image":{"@id":"https:\/\/uniguajira.edu.co\/universidad-de-la-guajira\/atencion-y-servicios-a-la-ciudadania\/notificaciones-de-respuestas-a-pqrsdf-anonimas\/#primaryimage"},"thumbnailUrl":"https:\/\/uniguajira.edu.co\/wp-content\/uploads\/2024\/01\/bannercontratacion.webp","datePublished":"2026-03-12T23:50:29+00:00","dateModified":"2026-03-14T13:23:15+00:00","breadcrumb":{"@id":"https:\/\/uniguajira.edu.co\/universidad-de-la-guajira\/atencion-y-servicios-a-la-ciudadania\/notificaciones-de-respuestas-a-pqrsdf-anonimas\/#breadcrumb"},"inLanguage":"en-US","potentialAction":[{"@type":"ReadAction","target":["https:\/\/uniguajira.edu.co\/universidad-de-la-guajira\/atencion-y-servicios-a-la-ciudadania\/notificaciones-de-respuestas-a-pqrsdf-anonimas\/"]}]},{"@type":"ImageObject","inLanguage":"en-US","@id":"https:\/\/uniguajira.edu.co\/universidad-de-la-guajira\/atencion-y-servicios-a-la-ciudadania\/notificaciones-de-respuestas-a-pqrsdf-anonimas\/#primaryimage","url":"https:\/\/uniguajira.edu.co\/wp-content\/uploads\/2024\/01\/bannercontratacion.webp","contentUrl":"https:\/\/uniguajira.edu.co\/wp-content\/uploads\/2024\/01\/bannercontratacion.webp","width":1920,"height":590},{"@type":"BreadcrumbList","@id":"https:\/\/uniguajira.edu.co\/universidad-de-la-guajira\/atencion-y-servicios-a-la-ciudadania\/notificaciones-de-respuestas-a-pqrsdf-anonimas\/#breadcrumb","itemListElement":[{"@type":"ListItem","position":1,"name":"\u2302 Uniguajira","item":"https:\/\/uniguajira.edu.co\/"},{"@type":"ListItem","position":2,"name":"Uniguajira","item":"https:\/\/uniguajira.edu.co\/"},{"@type":"ListItem","position":3,"name":"Atenci\u00f3n y servicios a la ciudadan\u00eda","item":"https:\/\/uniguajira.edu.co\/universidad-de-la-guajira\/atencion-y-servicios-a-la-ciudadania\/"},{"@type":"ListItem","position":4,"name":"Notificaciones de respuestas a PQRSDF an\u00f3nimas"}]},{"@type":"WebSite","@id":"https:\/\/uniguajira.edu.co\/#website","url":"https:\/\/uniguajira.edu.co\/","name":"UNIGUAJIRA","description":"Descubre la educaci\u00f3n superior con oportunidades laborales, retos estudiantiles y tecnolog\u00eda innovadora. Alcanza el \u00e9xito acad\u00e9mico y explora el impacto social y la diversidad en un entorno de aprendizaje moderno. Ad\u00e1ptate con inteligencia artificial y pr\u00e1cticas profesionales para un crecimiento integral.","publisher":{"@id":"https:\/\/uniguajira.edu.co\/#organization"},"alternateName":"Universidad de La Guajira","potentialAction":[{"@type":"SearchAction","target":{"@type":"EntryPoint","urlTemplate":"https:\/\/uniguajira.edu.co\/?s={search_term_string}"},"query-input":{"@type":"PropertyValueSpecification","valueRequired":true,"valueName":"search_term_string"}}],"inLanguage":"en-US"},{"@type":"Organization","@id":"https:\/\/uniguajira.edu.co\/#organization","name":"University of La Guajira","alternateName":"UNIGUAJIRA","url":"https:\/\/uniguajira.edu.co\/","logo":{"@type":"ImageObject","inLanguage":"en-US","@id":"https:\/\/uniguajira.edu.co\/#\/schema\/logo\/image\/","url":"https:\/\/uniguajira.edu.co\/wp-content\/uploads\/2026\/01\/cropped-cropped-LOGOS-PAGINA-WEB-04-1.webp","contentUrl":"https:\/\/uniguajira.edu.co\/wp-content\/uploads\/2026\/01\/cropped-cropped-LOGOS-PAGINA-WEB-04-1.webp","width":360,"height":72,"caption":"Universidad de La Guajira"},"image":{"@id":"https:\/\/uniguajira.edu.co\/#\/schema\/logo\/image\/"},"sameAs":["https:\/\/www.facebook.com\/UniLaGuajira\/","https:\/\/x.com\/UniLaGuajira","https:\/\/www.instagram.com\/uniguajira_\/","https:\/\/www.youtube.com\/user\/UniLaGuajira"]}]}},"_hostinger_reach_plugin_has_subscription_block":false,"_hostinger_reach_plugin_is_elementor":false,"_links":{"self":[{"href":"https:\/\/uniguajira.edu.co\/en\/wp-json\/wp\/v2\/pages\/106802","targetHints":{"allow":["GET"]}}],"collection":[{"href":"https:\/\/uniguajira.edu.co\/en\/wp-json\/wp\/v2\/pages"}],"about":[{"href":"https:\/\/uniguajira.edu.co\/en\/wp-json\/wp\/v2\/types\/page"}],"author":[{"embeddable":true,"href":"https:\/\/uniguajira.edu.co\/en\/wp-json\/wp\/v2\/users\/3"}],"replies":[{"embeddable":true,"href":"https:\/\/uniguajira.edu.co\/en\/wp-json\/wp\/v2\/comments?post=106802"}],"version-history":[{"count":10,"href":"https:\/\/uniguajira.edu.co\/en\/wp-json\/wp\/v2\/pages\/106802\/revisions"}],"predecessor-version":[{"id":106849,"href":"https:\/\/uniguajira.edu.co\/en\/wp-json\/wp\/v2\/pages\/106802\/revisions\/106849"}],"up":[{"embeddable":true,"href":"https:\/\/uniguajira.edu.co\/en\/wp-json\/wp\/v2\/pages\/22346"}],"wp:featuredmedia":[{"embeddable":true,"href":"https:\/\/uniguajira.edu.co\/en\/wp-json\/wp\/v2\/media\/25063"}],"wp:attachment":[{"href":"https:\/\/uniguajira.edu.co\/en\/wp-json\/wp\/v2\/media?parent=106802"}],"curies":[{"name":"wp","href":"https:\/\/api.w.org\/{rel}","templated":true}]}}